{"id":1513,"date":"2024-01-29T00:09:39","date_gmt":"2024-01-28T23:09:39","guid":{"rendered":"https:\/\/tbsskateco.com\/?post_type=product&#038;p=1513"},"modified":"2026-04-01T20:46:19","modified_gmt":"2026-04-01T18:46:19","slug":"tbs-2-boards-2-trucks","status":"publish","type":"product","link":"https:\/\/tbsskateco.com\/en\/product\/tbs-2-boards-2-trucks\/","title":{"rendered":"TBS for 2 boards and 2 sets of trucks"},"content":{"rendered":"<p>The ultimate pack! To switch from one board to another or from one setup to another in seconds without tools. System to be mounted on 2 set of trucks with the 4 New School holes and on any type of board with the 8 new holes. A template is provided for drilling the holes by yourself, or boards with pre-drilled holes are available. 7 shapes to choose: skate deck, cruiser or surfskate.<\/p>\n<p><strong>Pack includes:<\/strong><\/p>\n<ul>\n<li>4 deck bindings<\/li>\n<li>4 truck plates<\/li>\n<li>18 anti-loosening screws for the deck bindings, <strong>length adapted to 7 maple-plies deck.<\/strong> For thinner boards (such as fiber boards) or thicker ones (such as longboards), other lengths are available in the e-shop under the category <a href=\"https:\/\/tbsskateco.com\/categorie-produit\/accessories\/\">Accessories<\/a>.<\/li>\n<li>16 screws + 16 nyloc nuts for the truck plates<\/li>\n<li>1 template to drill the holes by yourself<\/li>\n<\/ul>\n<p><strong>Free return: <\/strong>30 days, <strong>no matter the usage!<\/strong><br \/>\n<strong>Warranty: <\/strong>2 years<\/p>\n<p>&nbsp;<\/p>\n<p><strong>Good to know:<\/strong><\/p>\n<ul>\n<li>Pack does NOT include trucks<\/li>\n<li>The system raises the trucks by 5mm. To raise them even higher with a pad, you need to purchase \"pad plates,\" available in the e-shop under the category <a href=\"https:\/\/tbsskateco.com\/categorie-produit\/accessories\/\">Accessories<\/a>.<\/li>\n<li>If your trucks are heavily hollowed out on the bottom (e.g., Ace skate trucks, Slappy, front surfskate truck Long Island...), it is also advisable to use \"pad plates\" for the system to function properly.<\/li>\n<li>The system has been tested for several years. The trucks won't come loose if your bolts are properly tightened.<\/li>\n<li>All the hardware is compatible with skate tools.<\/li>\n<li>The system is barely noticeable as it only weighs 124g.<\/li>\n<\/ul>","protected":false},"excerpt":{"rendered":"<p>TBS for 2 boards and 2 sets of trucks. Comes with a template for drilling the holes by yourself on your deck.<\/p>\n<p>Decks with pre-drilled holes are also available (7 shapes between +35\u20ac and +50\u20ac).<\/p>\n<p><strong>This pack doesn't include the trucks.<\/strong><\/p>","protected":false},"featured_media":1586,"comment_status":"open","ping_status":"closed","template":"","meta":{"_et_pb_use_builder":"","_et_pb_old_content":"","_et_gb_content_width":""},"product_brand":[],"product_cat":[27],"product_tag":[],"class_list":{"0":"post-1513","1":"product","2":"type-product","3":"status-publish","4":"has-post-thumbnail","6":"product_cat-tbs","7":"product_shipping_class-system-with-board","9":"first","10":"instock","11":"featured","12":"shipping-taxable","13":"purchasable","14":"product-type-variable"},"yoast_head":"<!-- This site is optimized with the Yoast SEO plugin v27.3 - https:\/\/yoast.com\/product\/yoast-seo-wordpress\/ -->\n<title>Syst\u00e8me TBS - 2 boards 2 trucks - TBS skate co.<\/title>\n<meta name=\"robots\" content=\"index, follow, max-snippet:-1, max-image-preview:large, max-video-preview:-1\" \/>\n<link rel=\"canonical\" href=\"https:\/\/tbsskateco.com\/en\/product\/tbs-2-boards-2-trucks\/\" \/>\n<meta property=\"og:locale\" content=\"en_US\" \/>\n<meta property=\"og:type\" content=\"article\" \/>\n<meta property=\"og:title\" content=\"Syst\u00e8me TBS - 2 boards 2 trucks - TBS skate co.\" \/>\n<meta property=\"og:description\" content=\"Syst\u00e8me TBS pour 2 planches et 2 paires de trucks. Vendu avec un gabarit pour percer les trous soi-m\u00eame sur sa planche.  Des planches avec les trous d\u00e9j\u00e0 perc\u00e9s sont \u00e9galement dispos (7 shapes entre +35\u20ac et +50\u20ac).  Le pack ne comprend pas les trucks.\" \/>\n<meta property=\"og:url\" content=\"https:\/\/tbsskateco.com\/en\/product\/tbs-2-boards-2-trucks\/\" \/>\n<meta property=\"og:site_name\" content=\"TBS skate co.\" \/>\n<meta property=\"article:publisher\" content=\"https:\/\/www.facebook.com\/tbs.skate\" \/>\n<meta property=\"article:modified_time\" content=\"2026-04-01T18:46:19+00:00\" \/>\n<meta property=\"og:image\" content=\"https:\/\/tbsskateco.com\/wp-content\/uploads\/2024\/01\/fiche-produit-2-boards-2-trucks.png\" \/>\n\t<meta property=\"og:image:width\" content=\"574\" \/>\n\t<meta property=\"og:image:height\" content=\"570\" \/>\n\t<meta property=\"og:image:type\" content=\"image\/png\" \/>\n<meta name=\"twitter:card\" content=\"summary_large_image\" \/>\n<meta name=\"twitter:label1\" content=\"Est. reading time\" \/>\n\t<meta name=\"twitter:data1\" content=\"2 minutes\" \/>\n<script type=\"application\/ld+json\" class=\"yoast-schema-graph\">{\"@context\":\"https:\\\/\\\/schema.org\",\"@graph\":[{\"@type\":\"WebPage\",\"@id\":\"https:\\\/\\\/tbsskateco.com\\\/produit\\\/tbs-2-boards-2-trucks\\\/\",\"url\":\"https:\\\/\\\/tbsskateco.com\\\/produit\\\/tbs-2-boards-2-trucks\\\/\",\"name\":\"Syst\u00e8me TBS - 2 boards 2 trucks - TBS skate co.\",\"isPartOf\":{\"@id\":\"https:\\\/\\\/tbsskateco.com\\\/#website\"},\"primaryImageOfPage\":{\"@id\":\"https:\\\/\\\/tbsskateco.com\\\/produit\\\/tbs-2-boards-2-trucks\\\/#primaryimage\"},\"image\":{\"@id\":\"https:\\\/\\\/tbsskateco.com\\\/produit\\\/tbs-2-boards-2-trucks\\\/#primaryimage\"},\"thumbnailUrl\":\"https:\\\/\\\/tbsskateco.com\\\/wp-content\\\/uploads\\\/2024\\\/01\\\/fiche-produit-2-boards-2-trucks.png\",\"datePublished\":\"2024-01-28T23:09:39+00:00\",\"dateModified\":\"2026-04-01T18:46:19+00:00\",\"breadcrumb\":{\"@id\":\"https:\\\/\\\/tbsskateco.com\\\/produit\\\/tbs-2-boards-2-trucks\\\/#breadcrumb\"},\"inLanguage\":\"en-US\",\"potentialAction\":[{\"@type\":\"ReadAction\",\"target\":[\"https:\\\/\\\/tbsskateco.com\\\/produit\\\/tbs-2-boards-2-trucks\\\/\"]}]},{\"@type\":\"ImageObject\",\"inLanguage\":\"en-US\",\"@id\":\"https:\\\/\\\/tbsskateco.com\\\/produit\\\/tbs-2-boards-2-trucks\\\/#primaryimage\",\"url\":\"https:\\\/\\\/tbsskateco.com\\\/wp-content\\\/uploads\\\/2024\\\/01\\\/fiche-produit-2-boards-2-trucks.png\",\"contentUrl\":\"https:\\\/\\\/tbsskateco.com\\\/wp-content\\\/uploads\\\/2024\\\/01\\\/fiche-produit-2-boards-2-trucks.png\",\"width\":574,\"height\":570},{\"@type\":\"BreadcrumbList\",\"@id\":\"https:\\\/\\\/tbsskateco.com\\\/produit\\\/tbs-2-boards-2-trucks\\\/#breadcrumb\",\"itemListElement\":[{\"@type\":\"ListItem\",\"position\":1,\"name\":\"Accueil\",\"item\":\"https:\\\/\\\/tbsskateco.com\\\/\"},{\"@type\":\"ListItem\",\"position\":2,\"name\":\"Shop\",\"item\":\"https:\\\/\\\/tbsskateco.com\\\/shop\\\/\"},{\"@type\":\"ListItem\",\"position\":3,\"name\":\"TBS pour 2 boards et 2 paires de trucks\"}]},{\"@type\":\"WebSite\",\"@id\":\"https:\\\/\\\/tbsskateco.com\\\/#website\",\"url\":\"https:\\\/\\\/tbsskateco.com\\\/\",\"name\":\"TBS skate co.\",\"description\":\"The detachable skateboard truck\",\"publisher\":{\"@id\":\"https:\\\/\\\/tbsskateco.com\\\/#organization\"},\"potentialAction\":[{\"@type\":\"SearchAction\",\"target\":{\"@type\":\"EntryPoint\",\"urlTemplate\":\"https:\\\/\\\/tbsskateco.com\\\/?s={search_term_string}\"},\"query-input\":{\"@type\":\"PropertyValueSpecification\",\"valueRequired\":true,\"valueName\":\"search_term_string\"}}],\"inLanguage\":\"en-US\"},{\"@type\":\"Organization\",\"@id\":\"https:\\\/\\\/tbsskateco.com\\\/#organization\",\"name\":\"TBS skate co.\",\"url\":\"https:\\\/\\\/tbsskateco.com\\\/\",\"logo\":{\"@type\":\"ImageObject\",\"inLanguage\":\"en-US\",\"@id\":\"https:\\\/\\\/tbsskateco.com\\\/#\\\/schema\\\/logo\\\/image\\\/\",\"url\":\"https:\\\/\\\/tbsskateco.com\\\/wp-content\\\/uploads\\\/2023\\\/05\\\/LOGO_TBS.svg\",\"contentUrl\":\"https:\\\/\\\/tbsskateco.com\\\/wp-content\\\/uploads\\\/2023\\\/05\\\/LOGO_TBS.svg\",\"width\":1,\"height\":1,\"caption\":\"TBS skate co.\"},\"image\":{\"@id\":\"https:\\\/\\\/tbsskateco.com\\\/#\\\/schema\\\/logo\\\/image\\\/\"},\"sameAs\":[\"https:\\\/\\\/www.facebook.com\\\/tbs.skate\",\"https:\\\/\\\/www.instagram.com\\\/tbs.skate.co\\\/\"]}]}<\/script>\n<!-- \/ Yoast SEO plugin. -->","yoast_head_json":{"title":"Syst\u00e8me TBS - 2 boards 2 trucks - TBS skate co.","robots":{"index":"index","follow":"follow","max-snippet":"max-snippet:-1","max-image-preview":"max-image-preview:large","max-video-preview":"max-video-preview:-1"},"canonical":"https:\/\/tbsskateco.com\/en\/product\/tbs-2-boards-2-trucks\/","og_locale":"en_US","og_type":"article","og_title":"Syst\u00e8me TBS - 2 boards 2 trucks - TBS skate co.","og_description":"Syst\u00e8me TBS pour 2 planches et 2 paires de trucks. Vendu avec un gabarit pour percer les trous soi-m\u00eame sur sa planche.  Des planches avec les trous d\u00e9j\u00e0 perc\u00e9s sont \u00e9galement dispos (7 shapes entre +35\u20ac et +50\u20ac).  Le pack ne comprend pas les trucks.","og_url":"https:\/\/tbsskateco.com\/en\/product\/tbs-2-boards-2-trucks\/","og_site_name":"TBS skate co.","article_publisher":"https:\/\/www.facebook.com\/tbs.skate","article_modified_time":"2026-04-01T18:46:19+00:00","og_image":[{"width":574,"height":570,"url":"https:\/\/tbsskateco.com\/wp-content\/uploads\/2024\/01\/fiche-produit-2-boards-2-trucks.png","type":"image\/png"}],"twitter_card":"summary_large_image","twitter_misc":{"Est. reading time":"2 minutes"},"schema":{"@context":"https:\/\/schema.org","@graph":[{"@type":"WebPage","@id":"https:\/\/tbsskateco.com\/produit\/tbs-2-boards-2-trucks\/","url":"https:\/\/tbsskateco.com\/produit\/tbs-2-boards-2-trucks\/","name":"Syst\u00e8me TBS - 2 boards 2 trucks - TBS skate co.","isPartOf":{"@id":"https:\/\/tbsskateco.com\/#website"},"primaryImageOfPage":{"@id":"https:\/\/tbsskateco.com\/produit\/tbs-2-boards-2-trucks\/#primaryimage"},"image":{"@id":"https:\/\/tbsskateco.com\/produit\/tbs-2-boards-2-trucks\/#primaryimage"},"thumbnailUrl":"https:\/\/tbsskateco.com\/wp-content\/uploads\/2024\/01\/fiche-produit-2-boards-2-trucks.png","datePublished":"2024-01-28T23:09:39+00:00","dateModified":"2026-04-01T18:46:19+00:00","breadcrumb":{"@id":"https:\/\/tbsskateco.com\/produit\/tbs-2-boards-2-trucks\/#breadcrumb"},"inLanguage":"en-US","potentialAction":[{"@type":"ReadAction","target":["https:\/\/tbsskateco.com\/produit\/tbs-2-boards-2-trucks\/"]}]},{"@type":"ImageObject","inLanguage":"en-US","@id":"https:\/\/tbsskateco.com\/produit\/tbs-2-boards-2-trucks\/#primaryimage","url":"https:\/\/tbsskateco.com\/wp-content\/uploads\/2024\/01\/fiche-produit-2-boards-2-trucks.png","contentUrl":"https:\/\/tbsskateco.com\/wp-content\/uploads\/2024\/01\/fiche-produit-2-boards-2-trucks.png","width":574,"height":570},{"@type":"BreadcrumbList","@id":"https:\/\/tbsskateco.com\/produit\/tbs-2-boards-2-trucks\/#breadcrumb","itemListElement":[{"@type":"ListItem","position":1,"name":"Accueil","item":"https:\/\/tbsskateco.com\/"},{"@type":"ListItem","position":2,"name":"Shop","item":"https:\/\/tbsskateco.com\/shop\/"},{"@type":"ListItem","position":3,"name":"TBS pour 2 boards et 2 paires de trucks"}]},{"@type":"WebSite","@id":"https:\/\/tbsskateco.com\/#website","url":"https:\/\/tbsskateco.com\/","name":"TBS skate co.","description":"The detachable skateboard truck","publisher":{"@id":"https:\/\/tbsskateco.com\/#organization"},"potentialAction":[{"@type":"SearchAction","target":{"@type":"EntryPoint","urlTemplate":"https:\/\/tbsskateco.com\/?s={search_term_string}"},"query-input":{"@type":"PropertyValueSpecification","valueRequired":true,"valueName":"search_term_string"}}],"inLanguage":"en-US"},{"@type":"Organization","@id":"https:\/\/tbsskateco.com\/#organization","name":"TBS skate co.","url":"https:\/\/tbsskateco.com\/","logo":{"@type":"ImageObject","inLanguage":"en-US","@id":"https:\/\/tbsskateco.com\/#\/schema\/logo\/image\/","url":"https:\/\/tbsskateco.com\/wp-content\/uploads\/2023\/05\/LOGO_TBS.svg","contentUrl":"https:\/\/tbsskateco.com\/wp-content\/uploads\/2023\/05\/LOGO_TBS.svg","width":1,"height":1,"caption":"TBS skate co."},"image":{"@id":"https:\/\/tbsskateco.com\/#\/schema\/logo\/image\/"},"sameAs":["https:\/\/www.facebook.com\/tbs.skate","https:\/\/www.instagram.com\/tbs.skate.co\/"]}]}},"jetpack_sharing_enabled":true,"_links":{"self":[{"href":"https:\/\/tbsskateco.com\/en\/wp-json\/wp\/v2\/product\/1513","targetHints":{"allow":["GET"]}}],"collection":[{"href":"https:\/\/tbsskateco.com\/en\/wp-json\/wp\/v2\/product"}],"about":[{"href":"https:\/\/tbsskateco.com\/en\/wp-json\/wp\/v2\/types\/product"}],"replies":[{"embeddable":true,"href":"https:\/\/tbsskateco.com\/en\/wp-json\/wp\/v2\/comments?post=1513"}],"wp:featuredmedia":[{"embeddable":true,"href":"https:\/\/tbsskateco.com\/en\/wp-json\/wp\/v2\/media\/1586"}],"wp:attachment":[{"href":"https:\/\/tbsskateco.com\/en\/wp-json\/wp\/v2\/media?parent=1513"}],"wp:term":[{"taxonomy":"product_brand","embeddable":true,"href":"https:\/\/tbsskateco.com\/en\/wp-json\/wp\/v2\/product_brand?post=1513"},{"taxonomy":"product_cat","embeddable":true,"href":"https:\/\/tbsskateco.com\/en\/wp-json\/wp\/v2\/product_cat?post=1513"},{"taxonomy":"product_tag","embeddable":true,"href":"https:\/\/tbsskateco.com\/en\/wp-json\/wp\/v2\/product_tag?post=1513"}],"curies":[{"name":"wp","href":"https:\/\/api.w.org\/{rel}","templated":true}]}}