{"id":1366,"date":"2024-01-24T18:42:09","date_gmt":"2024-01-24T17:42:09","guid":{"rendered":"https:\/\/tbsskateco.com\/?post_type=product&#038;p=1366"},"modified":"2026-04-01T20:46:19","modified_gmt":"2026-04-01T18:46:19","slug":"tbs-1-board-1-trucks","status":"publish","type":"product","link":"https:\/\/tbsskateco.com\/en\/product\/tbs-1-board-1-trucks\/","title":{"rendered":"TBS for 1 board and 1 set of trucks"},"content":{"rendered":"<p>The removable skateboard trucks: a system to change or dismount your trucks in 10 seconds. This pack is used to easily carry your board everywhere you go. System to be mounted on 1 set of trucks with the 4 New School holes and on any type of board with the 8 new holes. A template is provided for drilling the holes by yourself, or boards with pre-drilled holes are available.<\/p>\n<p><span style=\"text-decoration: underline;\"><strong>Pack includes:<\/strong><\/span><\/p>\n<ul>\n<li>2 deck bindings<\/li>\n<li>2 truck plates<\/li>\n<li>9 anti-loosening screws for the deck bindings, <strong>length adapted to 7 maple-plies deck.<\/strong> For thinner boards (such as fiber boards) or thicker ones (such as longboards), other lengths are available in the e-shop under the category <a href=\"https:\/\/tbsskateco.com\/categorie-produit\/accessories\/\">Accessories<\/a>.<\/li>\n<li>8 screws + 8 nyloc nuts for the truck plates<\/li>\n<li>1 template to drill the holes by yourself<\/li>\n<\/ul>\n<p><strong>Free return: <\/strong>30 days, <strong>no matter the usage!<\/strong><br \/>\n<strong>Warranty: <\/strong>2 years<\/p>\n<p>&nbsp;<\/p>\n<p><span style=\"text-decoration: underline;\"><strong>Good to know:<\/strong><\/span><\/p>\n<ul>\n<li>Pack does NOT include trucks<em><br \/>\n<\/em><\/li>\n<li>The system raises the trucks by 5mm. To raise them even higher with a pad, you need to purchase \"pad plates,\" available in the e-shop under the category <a href=\"https:\/\/tbsskateco.com\/categorie-produit\/accessories\/\">Accessories<\/a>.<\/li>\n<li>If your trucks are heavily hollowed out on the bottom (e.g., Ace skate trucks, Slappy, front surfskate truck Long Island...), it is also advisable to use \"pad plates\" for the system to function properly.<\/li>\n<li>The system has been tested for several years. The trucks won't come loose if your bolts are properly tightened.<\/li>\n<li>All the hardware is compatible with skate tools.<\/li>\n<li>The system is barely noticeable as it only weighs 124g.<\/li>\n<\/ul>\n<p>&nbsp;<\/p>\n<h2>The removable skateboard truck - A new concept<\/h2>\n<p>The idea of quickly swapping trucks or wheels has crossed the minds of many skateboarders or longboarders. Whether it's riding on a rough road with hard wheels or when an unexpected spot appears, but the right setup isn't ready, quick truck changes can be beneficial in various situations. Skateboard, cruiser, surfskate, longboard... Everyone uses it their own way with different trucks, wheels and decks:<\/p>\n<ul>\n<li><strong>Skateboarders:<\/strong> Those in smaller towns often like to switch from hard wheels to soft ones to reach their spot in the best conditions. Those filming prefer using very soft wheels for smoother footage, and when they want to skate, they switch to a traditional setup in seconds. Additionally, skaters who break boards frequently can mount the system on two different decks, allowing them to swap to a fresh one in seconds when one snaps.<\/li>\n<li><strong>Surfskaters:<\/strong> With so many different surfskate trucks available, being able to switch between various types on the same board within seconds is often a big advantage. Some also enjoy transitioning from a surfskate setup to a cruiser setup with ease.<\/li>\n<li><strong>Longboarders:<\/strong> certains utilisent le syst\u00e8me pour passer de roues dures \u00e0 des roues molles, d&rsquo;autres pour passer de trucks RKP \u00e0 TKP.<\/li>\n<li><strong>For frequent travelers:<\/strong> d\u00e9monter les trucks permet de ranger sa ou ses planches plus facilement, que cela soit dans un sac ou dans le coffre d&rsquo;une voiture.<\/li>\n<\/ul>\n<p>The system was developed over 4 years, thanks to the help of a dozen passionate skaters who tested various prototypes and provided feedback. The current version of the system has been tested and approved.<\/p>","protected":false},"excerpt":{"rendered":"<p>TBS for 1 board and 1 set of trucks. To remove or change your trucks in a few seconds and without any tools. Comes with a template for drilling the holes by yourself on your deck.<\/p>\n<p>Decks with pre-drilled holes are also available (7 shapes between +35\u20ac and +50\u20ac).<\/p>\n<p><strong>This pack doesn't include the trucks.<\/strong><\/p>","protected":false},"featured_media":1367,"comment_status":"open","ping_status":"closed","template":"","meta":{"_et_pb_use_builder":"","_et_pb_old_content":"","_et_gb_content_width":""},"product_brand":[],"product_cat":[27],"product_tag":[],"class_list":{"0":"post-1366","1":"product","2":"type-product","3":"status-publish","4":"has-post-thumbnail","6":"product_cat-tbs","7":"product_shipping_class-system-with-board","9":"first","10":"instock","11":"featured","12":"shipping-taxable","13":"purchasable","14":"product-type-variable"},"yoast_head":"<!-- This site is optimized with the Yoast SEO plugin v27.3 - https:\/\/yoast.com\/product\/yoast-seo-wordpress\/ -->\n<title>Removable skateboard trucks - TBS skate co.<\/title>\n<meta name=\"description\" content=\"Removable skateboard trucks for 1 deck and 1 set of trucks. Made of the highest quality materials. For skate, surfskate, downhill longboard, cruiser...\" \/>\n<meta name=\"robots\" content=\"index, follow, max-snippet:-1, max-image-preview:large, max-video-preview:-1\" \/>\n<link rel=\"canonical\" href=\"https:\/\/tbsskateco.com\/en\/product\/tbs-1-board-1-trucks\/\" \/>\n<meta property=\"og:locale\" content=\"en_US\" \/>\n<meta property=\"og:type\" content=\"article\" \/>\n<meta property=\"og:title\" content=\"Removable skateboard trucks - TBS skate co.\" \/>\n<meta property=\"og:description\" content=\"Removable skateboard trucks for 1 deck and 1 set of trucks. Made of the highest quality materials. For skate, surfskate, downhill longboard, cruiser...\" \/>\n<meta property=\"og:url\" content=\"https:\/\/tbsskateco.com\/en\/product\/tbs-1-board-1-trucks\/\" \/>\n<meta property=\"og:site_name\" content=\"TBS skate co.\" \/>\n<meta property=\"article:publisher\" content=\"https:\/\/www.facebook.com\/tbs.skate\" \/>\n<meta property=\"article:modified_time\" content=\"2026-04-01T18:46:19+00:00\" \/>\n<meta property=\"og:image\" content=\"https:\/\/tbsskateco.com\/wp-content\/uploads\/2024\/01\/fiche-produit-systeme-1-board-1-truck.png\" \/>\n\t<meta property=\"og:image:width\" content=\"445\" \/>\n\t<meta property=\"og:image:height\" content=\"445\" \/>\n\t<meta property=\"og:image:type\" content=\"image\/png\" \/>\n<meta name=\"twitter:card\" content=\"summary_large_image\" \/>\n<meta name=\"twitter:label1\" content=\"Est. reading time\" \/>\n\t<meta name=\"twitter:data1\" content=\"4 minutes\" \/>\n<script type=\"application\/ld+json\" class=\"yoast-schema-graph\">{\"@context\":\"https:\\\/\\\/schema.org\",\"@graph\":[{\"@type\":\"WebPage\",\"@id\":\"https:\\\/\\\/tbsskateco.com\\\/produit\\\/tbs-1-board-1-trucks\\\/\",\"url\":\"https:\\\/\\\/tbsskateco.com\\\/produit\\\/tbs-1-board-1-trucks\\\/\",\"name\":\"Removable skateboard trucks - TBS skate co.\",\"isPartOf\":{\"@id\":\"https:\\\/\\\/tbsskateco.com\\\/#website\"},\"primaryImageOfPage\":{\"@id\":\"https:\\\/\\\/tbsskateco.com\\\/produit\\\/tbs-1-board-1-trucks\\\/#primaryimage\"},\"image\":{\"@id\":\"https:\\\/\\\/tbsskateco.com\\\/produit\\\/tbs-1-board-1-trucks\\\/#primaryimage\"},\"thumbnailUrl\":\"https:\\\/\\\/tbsskateco.com\\\/wp-content\\\/uploads\\\/2024\\\/01\\\/fiche-produit-systeme-1-board-1-truck.png\",\"datePublished\":\"2024-01-24T17:42:09+00:00\",\"dateModified\":\"2026-04-01T18:46:19+00:00\",\"description\":\"Removable skateboard trucks for 1 deck and 1 set of trucks. Made of the highest quality materials. For skate, surfskate, downhill longboard, cruiser...\",\"breadcrumb\":{\"@id\":\"https:\\\/\\\/tbsskateco.com\\\/produit\\\/tbs-1-board-1-trucks\\\/#breadcrumb\"},\"inLanguage\":\"en-US\",\"potentialAction\":[{\"@type\":\"ReadAction\",\"target\":[\"https:\\\/\\\/tbsskateco.com\\\/produit\\\/tbs-1-board-1-trucks\\\/\"]}]},{\"@type\":\"ImageObject\",\"inLanguage\":\"en-US\",\"@id\":\"https:\\\/\\\/tbsskateco.com\\\/produit\\\/tbs-1-board-1-trucks\\\/#primaryimage\",\"url\":\"https:\\\/\\\/tbsskateco.com\\\/wp-content\\\/uploads\\\/2024\\\/01\\\/fiche-produit-systeme-1-board-1-truck.png\",\"contentUrl\":\"https:\\\/\\\/tbsskateco.com\\\/wp-content\\\/uploads\\\/2024\\\/01\\\/fiche-produit-systeme-1-board-1-truck.png\",\"width\":445,\"height\":445},{\"@type\":\"BreadcrumbList\",\"@id\":\"https:\\\/\\\/tbsskateco.com\\\/produit\\\/tbs-1-board-1-trucks\\\/#breadcrumb\",\"itemListElement\":[{\"@type\":\"ListItem\",\"position\":1,\"name\":\"Accueil\",\"item\":\"https:\\\/\\\/tbsskateco.com\\\/\"},{\"@type\":\"ListItem\",\"position\":2,\"name\":\"Shop\",\"item\":\"https:\\\/\\\/tbsskateco.com\\\/shop\\\/\"},{\"@type\":\"ListItem\",\"position\":3,\"name\":\"TBS pour 1 board et 1 paire de trucks\"}]},{\"@type\":\"WebSite\",\"@id\":\"https:\\\/\\\/tbsskateco.com\\\/#website\",\"url\":\"https:\\\/\\\/tbsskateco.com\\\/\",\"name\":\"TBS skate co.\",\"description\":\"The detachable skateboard truck\",\"publisher\":{\"@id\":\"https:\\\/\\\/tbsskateco.com\\\/#organization\"},\"potentialAction\":[{\"@type\":\"SearchAction\",\"target\":{\"@type\":\"EntryPoint\",\"urlTemplate\":\"https:\\\/\\\/tbsskateco.com\\\/?s={search_term_string}\"},\"query-input\":{\"@type\":\"PropertyValueSpecification\",\"valueRequired\":true,\"valueName\":\"search_term_string\"}}],\"inLanguage\":\"en-US\"},{\"@type\":\"Organization\",\"@id\":\"https:\\\/\\\/tbsskateco.com\\\/#organization\",\"name\":\"TBS skate co.\",\"url\":\"https:\\\/\\\/tbsskateco.com\\\/\",\"logo\":{\"@type\":\"ImageObject\",\"inLanguage\":\"en-US\",\"@id\":\"https:\\\/\\\/tbsskateco.com\\\/#\\\/schema\\\/logo\\\/image\\\/\",\"url\":\"https:\\\/\\\/tbsskateco.com\\\/wp-content\\\/uploads\\\/2023\\\/05\\\/LOGO_TBS.svg\",\"contentUrl\":\"https:\\\/\\\/tbsskateco.com\\\/wp-content\\\/uploads\\\/2023\\\/05\\\/LOGO_TBS.svg\",\"width\":1,\"height\":1,\"caption\":\"TBS skate co.\"},\"image\":{\"@id\":\"https:\\\/\\\/tbsskateco.com\\\/#\\\/schema\\\/logo\\\/image\\\/\"},\"sameAs\":[\"https:\\\/\\\/www.facebook.com\\\/tbs.skate\",\"https:\\\/\\\/www.instagram.com\\\/tbs.skate.co\\\/\"]}]}<\/script>\n<!-- \/ Yoast SEO plugin. -->","yoast_head_json":{"title":"Removable skateboard trucks - TBS skate co.","description":"Removable skateboard trucks for 1 deck and 1 set of trucks. Made of the highest quality materials. For skate, surfskate, downhill longboard, cruiser...","robots":{"index":"index","follow":"follow","max-snippet":"max-snippet:-1","max-image-preview":"max-image-preview:large","max-video-preview":"max-video-preview:-1"},"canonical":"https:\/\/tbsskateco.com\/en\/product\/tbs-1-board-1-trucks\/","og_locale":"en_US","og_type":"article","og_title":"Removable skateboard trucks - TBS skate co.","og_description":"Removable skateboard trucks for 1 deck and 1 set of trucks. Made of the highest quality materials. For skate, surfskate, downhill longboard, cruiser...","og_url":"https:\/\/tbsskateco.com\/en\/product\/tbs-1-board-1-trucks\/","og_site_name":"TBS skate co.","article_publisher":"https:\/\/www.facebook.com\/tbs.skate","article_modified_time":"2026-04-01T18:46:19+00:00","og_image":[{"width":445,"height":445,"url":"https:\/\/tbsskateco.com\/wp-content\/uploads\/2024\/01\/fiche-produit-systeme-1-board-1-truck.png","type":"image\/png"}],"twitter_card":"summary_large_image","twitter_misc":{"Est. reading time":"4 minutes"},"schema":{"@context":"https:\/\/schema.org","@graph":[{"@type":"WebPage","@id":"https:\/\/tbsskateco.com\/produit\/tbs-1-board-1-trucks\/","url":"https:\/\/tbsskateco.com\/produit\/tbs-1-board-1-trucks\/","name":"Removable skateboard trucks - TBS skate co.","isPartOf":{"@id":"https:\/\/tbsskateco.com\/#website"},"primaryImageOfPage":{"@id":"https:\/\/tbsskateco.com\/produit\/tbs-1-board-1-trucks\/#primaryimage"},"image":{"@id":"https:\/\/tbsskateco.com\/produit\/tbs-1-board-1-trucks\/#primaryimage"},"thumbnailUrl":"https:\/\/tbsskateco.com\/wp-content\/uploads\/2024\/01\/fiche-produit-systeme-1-board-1-truck.png","datePublished":"2024-01-24T17:42:09+00:00","dateModified":"2026-04-01T18:46:19+00:00","description":"Removable skateboard trucks for 1 deck and 1 set of trucks. Made of the highest quality materials. For skate, surfskate, downhill longboard, cruiser...","breadcrumb":{"@id":"https:\/\/tbsskateco.com\/produit\/tbs-1-board-1-trucks\/#breadcrumb"},"inLanguage":"en-US","potentialAction":[{"@type":"ReadAction","target":["https:\/\/tbsskateco.com\/produit\/tbs-1-board-1-trucks\/"]}]},{"@type":"ImageObject","inLanguage":"en-US","@id":"https:\/\/tbsskateco.com\/produit\/tbs-1-board-1-trucks\/#primaryimage","url":"https:\/\/tbsskateco.com\/wp-content\/uploads\/2024\/01\/fiche-produit-systeme-1-board-1-truck.png","contentUrl":"https:\/\/tbsskateco.com\/wp-content\/uploads\/2024\/01\/fiche-produit-systeme-1-board-1-truck.png","width":445,"height":445},{"@type":"BreadcrumbList","@id":"https:\/\/tbsskateco.com\/produit\/tbs-1-board-1-trucks\/#breadcrumb","itemListElement":[{"@type":"ListItem","position":1,"name":"Accueil","item":"https:\/\/tbsskateco.com\/"},{"@type":"ListItem","position":2,"name":"Shop","item":"https:\/\/tbsskateco.com\/shop\/"},{"@type":"ListItem","position":3,"name":"TBS pour 1 board et 1 paire de trucks"}]},{"@type":"WebSite","@id":"https:\/\/tbsskateco.com\/#website","url":"https:\/\/tbsskateco.com\/","name":"TBS skate co.","description":"The detachable skateboard truck","publisher":{"@id":"https:\/\/tbsskateco.com\/#organization"},"potentialAction":[{"@type":"SearchAction","target":{"@type":"EntryPoint","urlTemplate":"https:\/\/tbsskateco.com\/?s={search_term_string}"},"query-input":{"@type":"PropertyValueSpecification","valueRequired":true,"valueName":"search_term_string"}}],"inLanguage":"en-US"},{"@type":"Organization","@id":"https:\/\/tbsskateco.com\/#organization","name":"TBS skate co.","url":"https:\/\/tbsskateco.com\/","logo":{"@type":"ImageObject","inLanguage":"en-US","@id":"https:\/\/tbsskateco.com\/#\/schema\/logo\/image\/","url":"https:\/\/tbsskateco.com\/wp-content\/uploads\/2023\/05\/LOGO_TBS.svg","contentUrl":"https:\/\/tbsskateco.com\/wp-content\/uploads\/2023\/05\/LOGO_TBS.svg","width":1,"height":1,"caption":"TBS skate co."},"image":{"@id":"https:\/\/tbsskateco.com\/#\/schema\/logo\/image\/"},"sameAs":["https:\/\/www.facebook.com\/tbs.skate","https:\/\/www.instagram.com\/tbs.skate.co\/"]}]}},"jetpack_sharing_enabled":true,"_links":{"self":[{"href":"https:\/\/tbsskateco.com\/en\/wp-json\/wp\/v2\/product\/1366","targetHints":{"allow":["GET"]}}],"collection":[{"href":"https:\/\/tbsskateco.com\/en\/wp-json\/wp\/v2\/product"}],"about":[{"href":"https:\/\/tbsskateco.com\/en\/wp-json\/wp\/v2\/types\/product"}],"replies":[{"embeddable":true,"href":"https:\/\/tbsskateco.com\/en\/wp-json\/wp\/v2\/comments?post=1366"}],"wp:featuredmedia":[{"embeddable":true,"href":"https:\/\/tbsskateco.com\/en\/wp-json\/wp\/v2\/media\/1367"}],"wp:attachment":[{"href":"https:\/\/tbsskateco.com\/en\/wp-json\/wp\/v2\/media?parent=1366"}],"wp:term":[{"taxonomy":"product_brand","embeddable":true,"href":"https:\/\/tbsskateco.com\/en\/wp-json\/wp\/v2\/product_brand?post=1366"},{"taxonomy":"product_cat","embeddable":true,"href":"https:\/\/tbsskateco.com\/en\/wp-json\/wp\/v2\/product_cat?post=1366"},{"taxonomy":"product_tag","embeddable":true,"href":"https:\/\/tbsskateco.com\/en\/wp-json\/wp\/v2\/product_tag?post=1366"}],"curies":[{"name":"wp","href":"https:\/\/api.w.org\/{rel}","templated":true}]}}