{"id":1262,"date":"2024-01-16T16:03:56","date_gmt":"2024-01-16T15:03:56","guid":{"rendered":"https:\/\/tbsskateco.com\/?post_type=product&#038;p=1262"},"modified":"2025-12-08T10:45:43","modified_gmt":"2025-12-08T09:45:43","slug":"setup-cruiser","status":"publish","type":"product","link":"https:\/\/tbsskateco.com\/en\/product\/setup-cruiser\/","title":{"rendered":"Cruiser setup"},"content":{"rendered":"<p>2 trucks Film + roulements + roues de cruising en 78A.<br \/>\n- Film Trucks, guaranteed for life. Different lengths available: 125 \/ 135 \/ 145 \/ 155 \/ 165 mm.<br \/>\n- Bearings FILM Abec 5<br \/>\n&#8211; 2 roues disponibles :<\/p>\n<ol>\n<li>Into The Wild en 78A, diam\u00e8tre 60mm. Roues qui brillent la nuit pour cruiser en toute s\u00e9curit\u00e9 !<\/li>\n<li>Cinetic Nebula en 78A, diam\u00e8tre 60mm. Surface de contact : 40mm. Roues plus orient\u00e9es longboard. Couleur bleue.<\/li>\n<\/ol>\n<p>More photos and details: <a href=\"https:\/\/filmtrucks.fr\/products\/raw-purple-bushings\">trucks<\/a> \/ <a href=\"https:\/\/filmtrucks.fr\/products\/bearings-film\">bearings<\/a> \/ <a href=\"https:\/\/filmtrucks.fr\/products\/soft-wheels-60-mm-78-a\">wheels<\/a>.<\/p>\n<p>We advice you to use a truck in :<\/p>\n<ul>\n<li>5.0\" (125mm) for a board in 7.75\" - 8.0\"<\/li>\n<li>5.25\" (135mm) for a board in 8.0\" - 8.375\"<\/li>\n<li>5.5\" (145mm) for a board in 8.375\" - 8.5\"<\/li>\n<li>6.0\" (155mm) for a board in 8.5\" - 9.0\"<\/li>\n<li>6.5\" (165mm) for a board in 9.0\" - UP<\/li>\n<\/ul>","protected":false},"excerpt":{"rendered":"<p>Setup cruiser avec roues en 60mm &#8211; 78A.<br \/>\nTruck length availables: 125 \/ 135 \/ 145 \/ 155 \/ 165 mm.<br \/>\nRoues Into the wild (typ\u00e9 skate) ou Cinetic (typ\u00e9 longboard).<\/p>","protected":false},"featured_media":1263,"comment_status":"open","ping_status":"closed","template":"","meta":{"_et_pb_use_builder":"","_et_pb_old_content":"","_et_gb_content_width":""},"product_brand":[],"product_cat":[23],"product_tag":[],"class_list":{"0":"post-1262","1":"product","2":"type-product","3":"status-publish","4":"has-post-thumbnail","6":"product_cat-setups","7":"product_shipping_class-setup","9":"first","10":"instock","11":"shipping-taxable","12":"purchasable","13":"product-type-variable"},"yoast_head":"<!-- This site is optimized with the Yoast SEO plugin v27.4 - https:\/\/yoast.com\/product\/yoast-seo-wordpress\/ -->\n<title>Setup cruiser - TBS skate co.<\/title>\n<meta name=\"robots\" content=\"index, follow, max-snippet:-1, max-image-preview:large, max-video-preview:-1\" \/>\n<link rel=\"canonical\" href=\"https:\/\/tbsskateco.com\/en\/product\/setup-cruiser\/\" \/>\n<meta property=\"og:locale\" content=\"en_US\" \/>\n<meta property=\"og:type\" content=\"article\" \/>\n<meta property=\"og:title\" content=\"Setup cruiser - TBS skate co.\" \/>\n<meta property=\"og:description\" content=\"Setup cruiser avec roues en 60mm - 78A. Largeur trucks au choix: 125 \/ 135 \/ 145 \/ 155 \/ 165 mm. Roues Into the wild (typ\u00e9 skate) ou Cinetic (typ\u00e9 longboard).\" \/>\n<meta property=\"og:url\" content=\"https:\/\/tbsskateco.com\/en\/product\/setup-cruiser\/\" \/>\n<meta property=\"og:site_name\" content=\"TBS skate co.\" \/>\n<meta property=\"article:publisher\" content=\"https:\/\/www.facebook.com\/tbs.skate\" \/>\n<meta property=\"article:modified_time\" content=\"2025-12-08T09:45:43+00:00\" \/>\n<meta property=\"og:image\" content=\"https:\/\/tbsskateco.com\/wp-content\/uploads\/2024\/01\/IMG_20231221_092344-carree1-scaled.jpg\" \/>\n\t<meta property=\"og:image:width\" content=\"2560\" \/>\n\t<meta property=\"og:image:height\" content=\"2560\" \/>\n\t<meta property=\"og:image:type\" content=\"image\/jpeg\" \/>\n<meta name=\"twitter:card\" content=\"summary_large_image\" \/>\n<meta name=\"twitter:label1\" content=\"Est. reading time\" \/>\n\t<meta name=\"twitter:data1\" content=\"1 minute\" \/>\n<script type=\"application\/ld+json\" class=\"yoast-schema-graph\">{\"@context\":\"https:\\\/\\\/schema.org\",\"@graph\":[{\"@type\":\"WebPage\",\"@id\":\"https:\\\/\\\/tbsskateco.com\\\/produit\\\/setup-cruiser\\\/\",\"url\":\"https:\\\/\\\/tbsskateco.com\\\/produit\\\/setup-cruiser\\\/\",\"name\":\"Setup cruiser - TBS skate co.\",\"isPartOf\":{\"@id\":\"https:\\\/\\\/tbsskateco.com\\\/#website\"},\"primaryImageOfPage\":{\"@id\":\"https:\\\/\\\/tbsskateco.com\\\/produit\\\/setup-cruiser\\\/#primaryimage\"},\"image\":{\"@id\":\"https:\\\/\\\/tbsskateco.com\\\/produit\\\/setup-cruiser\\\/#primaryimage\"},\"thumbnailUrl\":\"https:\\\/\\\/tbsskateco.com\\\/wp-content\\\/uploads\\\/2024\\\/01\\\/IMG_20231221_092344-carree1-scaled.jpg\",\"datePublished\":\"2024-01-16T15:03:56+00:00\",\"dateModified\":\"2025-12-08T09:45:43+00:00\",\"breadcrumb\":{\"@id\":\"https:\\\/\\\/tbsskateco.com\\\/produit\\\/setup-cruiser\\\/#breadcrumb\"},\"inLanguage\":\"en-US\",\"potentialAction\":[{\"@type\":\"ReadAction\",\"target\":[\"https:\\\/\\\/tbsskateco.com\\\/produit\\\/setup-cruiser\\\/\"]}]},{\"@type\":\"ImageObject\",\"inLanguage\":\"en-US\",\"@id\":\"https:\\\/\\\/tbsskateco.com\\\/produit\\\/setup-cruiser\\\/#primaryimage\",\"url\":\"https:\\\/\\\/tbsskateco.com\\\/wp-content\\\/uploads\\\/2024\\\/01\\\/IMG_20231221_092344-carree1-scaled.jpg\",\"contentUrl\":\"https:\\\/\\\/tbsskateco.com\\\/wp-content\\\/uploads\\\/2024\\\/01\\\/IMG_20231221_092344-carree1-scaled.jpg\",\"width\":2560,\"height\":2560},{\"@type\":\"BreadcrumbList\",\"@id\":\"https:\\\/\\\/tbsskateco.com\\\/produit\\\/setup-cruiser\\\/#breadcrumb\",\"itemListElement\":[{\"@type\":\"ListItem\",\"position\":1,\"name\":\"Accueil\",\"item\":\"https:\\\/\\\/tbsskateco.com\\\/\"},{\"@type\":\"ListItem\",\"position\":2,\"name\":\"Shop\",\"item\":\"https:\\\/\\\/tbsskateco.com\\\/shop\\\/\"},{\"@type\":\"ListItem\",\"position\":3,\"name\":\"Setup cruiser\"}]},{\"@type\":\"WebSite\",\"@id\":\"https:\\\/\\\/tbsskateco.com\\\/#website\",\"url\":\"https:\\\/\\\/tbsskateco.com\\\/\",\"name\":\"TBS skate co.\",\"description\":\"The detachable skateboard truck\",\"publisher\":{\"@id\":\"https:\\\/\\\/tbsskateco.com\\\/#organization\"},\"potentialAction\":[{\"@type\":\"SearchAction\",\"target\":{\"@type\":\"EntryPoint\",\"urlTemplate\":\"https:\\\/\\\/tbsskateco.com\\\/?s={search_term_string}\"},\"query-input\":{\"@type\":\"PropertyValueSpecification\",\"valueRequired\":true,\"valueName\":\"search_term_string\"}}],\"inLanguage\":\"en-US\"},{\"@type\":\"Organization\",\"@id\":\"https:\\\/\\\/tbsskateco.com\\\/#organization\",\"name\":\"TBS skate co.\",\"url\":\"https:\\\/\\\/tbsskateco.com\\\/\",\"logo\":{\"@type\":\"ImageObject\",\"inLanguage\":\"en-US\",\"@id\":\"https:\\\/\\\/tbsskateco.com\\\/#\\\/schema\\\/logo\\\/image\\\/\",\"url\":\"https:\\\/\\\/tbsskateco.com\\\/wp-content\\\/uploads\\\/2023\\\/05\\\/LOGO_TBS.svg\",\"contentUrl\":\"https:\\\/\\\/tbsskateco.com\\\/wp-content\\\/uploads\\\/2023\\\/05\\\/LOGO_TBS.svg\",\"width\":1,\"height\":1,\"caption\":\"TBS skate co.\"},\"image\":{\"@id\":\"https:\\\/\\\/tbsskateco.com\\\/#\\\/schema\\\/logo\\\/image\\\/\"},\"sameAs\":[\"https:\\\/\\\/www.facebook.com\\\/tbs.skate\",\"https:\\\/\\\/www.instagram.com\\\/tbs.skate.co\\\/\"]}]}<\/script>\n<!-- \/ Yoast SEO plugin. -->","yoast_head_json":{"title":"Setup cruiser - TBS skate co.","robots":{"index":"index","follow":"follow","max-snippet":"max-snippet:-1","max-image-preview":"max-image-preview:large","max-video-preview":"max-video-preview:-1"},"canonical":"https:\/\/tbsskateco.com\/en\/product\/setup-cruiser\/","og_locale":"en_US","og_type":"article","og_title":"Setup cruiser - TBS skate co.","og_description":"Setup cruiser avec roues en 60mm - 78A. Largeur trucks au choix: 125 \/ 135 \/ 145 \/ 155 \/ 165 mm. Roues Into the wild (typ\u00e9 skate) ou Cinetic (typ\u00e9 longboard).","og_url":"https:\/\/tbsskateco.com\/en\/product\/setup-cruiser\/","og_site_name":"TBS skate co.","article_publisher":"https:\/\/www.facebook.com\/tbs.skate","article_modified_time":"2025-12-08T09:45:43+00:00","og_image":[{"width":2560,"height":2560,"url":"https:\/\/tbsskateco.com\/wp-content\/uploads\/2024\/01\/IMG_20231221_092344-carree1-scaled.jpg","type":"image\/jpeg"}],"twitter_card":"summary_large_image","twitter_misc":{"Est. reading time":"1 minute"},"schema":{"@context":"https:\/\/schema.org","@graph":[{"@type":"WebPage","@id":"https:\/\/tbsskateco.com\/produit\/setup-cruiser\/","url":"https:\/\/tbsskateco.com\/produit\/setup-cruiser\/","name":"Setup cruiser - TBS skate co.","isPartOf":{"@id":"https:\/\/tbsskateco.com\/#website"},"primaryImageOfPage":{"@id":"https:\/\/tbsskateco.com\/produit\/setup-cruiser\/#primaryimage"},"image":{"@id":"https:\/\/tbsskateco.com\/produit\/setup-cruiser\/#primaryimage"},"thumbnailUrl":"https:\/\/tbsskateco.com\/wp-content\/uploads\/2024\/01\/IMG_20231221_092344-carree1-scaled.jpg","datePublished":"2024-01-16T15:03:56+00:00","dateModified":"2025-12-08T09:45:43+00:00","breadcrumb":{"@id":"https:\/\/tbsskateco.com\/produit\/setup-cruiser\/#breadcrumb"},"inLanguage":"en-US","potentialAction":[{"@type":"ReadAction","target":["https:\/\/tbsskateco.com\/produit\/setup-cruiser\/"]}]},{"@type":"ImageObject","inLanguage":"en-US","@id":"https:\/\/tbsskateco.com\/produit\/setup-cruiser\/#primaryimage","url":"https:\/\/tbsskateco.com\/wp-content\/uploads\/2024\/01\/IMG_20231221_092344-carree1-scaled.jpg","contentUrl":"https:\/\/tbsskateco.com\/wp-content\/uploads\/2024\/01\/IMG_20231221_092344-carree1-scaled.jpg","width":2560,"height":2560},{"@type":"BreadcrumbList","@id":"https:\/\/tbsskateco.com\/produit\/setup-cruiser\/#breadcrumb","itemListElement":[{"@type":"ListItem","position":1,"name":"Accueil","item":"https:\/\/tbsskateco.com\/"},{"@type":"ListItem","position":2,"name":"Shop","item":"https:\/\/tbsskateco.com\/shop\/"},{"@type":"ListItem","position":3,"name":"Setup cruiser"}]},{"@type":"WebSite","@id":"https:\/\/tbsskateco.com\/#website","url":"https:\/\/tbsskateco.com\/","name":"TBS skate co.","description":"The detachable skateboard truck","publisher":{"@id":"https:\/\/tbsskateco.com\/#organization"},"potentialAction":[{"@type":"SearchAction","target":{"@type":"EntryPoint","urlTemplate":"https:\/\/tbsskateco.com\/?s={search_term_string}"},"query-input":{"@type":"PropertyValueSpecification","valueRequired":true,"valueName":"search_term_string"}}],"inLanguage":"en-US"},{"@type":"Organization","@id":"https:\/\/tbsskateco.com\/#organization","name":"TBS skate co.","url":"https:\/\/tbsskateco.com\/","logo":{"@type":"ImageObject","inLanguage":"en-US","@id":"https:\/\/tbsskateco.com\/#\/schema\/logo\/image\/","url":"https:\/\/tbsskateco.com\/wp-content\/uploads\/2023\/05\/LOGO_TBS.svg","contentUrl":"https:\/\/tbsskateco.com\/wp-content\/uploads\/2023\/05\/LOGO_TBS.svg","width":1,"height":1,"caption":"TBS skate co."},"image":{"@id":"https:\/\/tbsskateco.com\/#\/schema\/logo\/image\/"},"sameAs":["https:\/\/www.facebook.com\/tbs.skate","https:\/\/www.instagram.com\/tbs.skate.co\/"]}]}},"jetpack_sharing_enabled":true,"_links":{"self":[{"href":"https:\/\/tbsskateco.com\/en\/wp-json\/wp\/v2\/product\/1262","targetHints":{"allow":["GET"]}}],"collection":[{"href":"https:\/\/tbsskateco.com\/en\/wp-json\/wp\/v2\/product"}],"about":[{"href":"https:\/\/tbsskateco.com\/en\/wp-json\/wp\/v2\/types\/product"}],"replies":[{"embeddable":true,"href":"https:\/\/tbsskateco.com\/en\/wp-json\/wp\/v2\/comments?post=1262"}],"wp:featuredmedia":[{"embeddable":true,"href":"https:\/\/tbsskateco.com\/en\/wp-json\/wp\/v2\/media\/1263"}],"wp:attachment":[{"href":"https:\/\/tbsskateco.com\/en\/wp-json\/wp\/v2\/media?parent=1262"}],"wp:term":[{"taxonomy":"product_brand","embeddable":true,"href":"https:\/\/tbsskateco.com\/en\/wp-json\/wp\/v2\/product_brand?post=1262"},{"taxonomy":"product_cat","embeddable":true,"href":"https:\/\/tbsskateco.com\/en\/wp-json\/wp\/v2\/product_cat?post=1262"},{"taxonomy":"product_tag","embeddable":true,"href":"https:\/\/tbsskateco.com\/en\/wp-json\/wp\/v2\/product_tag?post=1262"}],"curies":[{"name":"wp","href":"https:\/\/api.w.org\/{rel}","templated":true}]}}