{"id":1239,"date":"2024-01-16T12:21:25","date_gmt":"2024-01-16T11:21:25","guid":{"rendered":"https:\/\/tbsskateco.com\/?post_type=product&#038;p=1239"},"modified":"2026-04-01T00:00:36","modified_gmt":"2026-03-31T22:00:36","slug":"platine-truck","status":"publish","type":"product","link":"https:\/\/tbsskateco.com\/en\/product\/platine-truck\/","title":{"rendered":"Truck plate"},"content":{"rendered":"<p>Platine truck \u00e0 monter sur 1 truck avec les 4 trous New School. <strong>Pour ceux qui ont d\u00e9j\u00e0 un syst\u00e8me et veulent monter d&rsquo;autres trucks.<\/strong><\/p>\n<p>4 vis et 4 \u00e9crous inclus, compatibles tool de skate. Vis longueur 5\/8&Prime;, ne convient pas si vous mettez des pads. D&rsquo;autres longueurs sont dispos sur le e-shop, cat\u00e9gorie Accessoires.<strong><br \/>\n<\/strong><\/p>\n<p><strong>Attention :<\/strong> pour une paire de trucks, il faut prendre 2 platines trucks.<\/p>\n<p><strong>Free return: <\/strong>.<br \/>\n<strong>Warranty: <\/strong>2 years<\/p>","protected":false},"excerpt":{"rendered":"<p>Platine truck avec visserie (4 vis et 4 \u00e9crous). A monter sur une fixation planche TBS.<\/p>\n<p>Attention : pour une paire de trucks, il faut prendre 2 platines trucks.<\/p>","protected":false},"featured_media":1240,"comment_status":"open","ping_status":"closed","template":"","meta":{"_et_pb_use_builder":"","_et_pb_old_content":"","_et_gb_content_width":""},"product_brand":[],"product_cat":[37],"product_tag":[],"class_list":{"0":"post-1239","1":"product","2":"type-product","3":"status-publish","4":"has-post-thumbnail","6":"product_cat-spare-parts","7":"product_shipping_class-spare-parts","9":"first","10":"instock","11":"shipping-taxable","12":"purchasable","13":"product-type-simple"},"yoast_head":"<!-- This site is optimized with the Yoast SEO plugin v27.4 - https:\/\/yoast.com\/product\/yoast-seo-wordpress\/ -->\n<title>Platines trucks - TBS skate co.<\/title>\n<meta name=\"description\" content=\"Set de platines \u00e0 monter sur une paire de trucks pour utiliser le syst\u00e8me TBS skate co.\" \/>\n<meta name=\"robots\" content=\"index, follow, max-snippet:-1, max-image-preview:large, max-video-preview:-1\" \/>\n<link rel=\"canonical\" href=\"https:\/\/tbsskateco.com\/en\/product\/platine-truck\/\" \/>\n<meta property=\"og:locale\" content=\"en_US\" \/>\n<meta property=\"og:type\" content=\"article\" \/>\n<meta property=\"og:title\" content=\"Platines trucks - TBS skate co.\" \/>\n<meta property=\"og:description\" content=\"Set de platines \u00e0 monter sur une paire de trucks pour utiliser le syst\u00e8me TBS skate co.\" \/>\n<meta property=\"og:url\" content=\"https:\/\/tbsskateco.com\/en\/product\/platine-truck\/\" \/>\n<meta property=\"og:site_name\" content=\"TBS skate co.\" \/>\n<meta property=\"article:publisher\" content=\"https:\/\/www.facebook.com\/tbs.skate\" \/>\n<meta property=\"article:modified_time\" content=\"2026-03-31T22:00:36+00:00\" \/>\n<meta property=\"og:image\" content=\"https:\/\/tbsskateco.com\/wp-content\/uploads\/2024\/01\/IMG_2469-carree1.jpg\" \/>\n\t<meta property=\"og:image:width\" content=\"2135\" \/>\n\t<meta property=\"og:image:height\" content=\"2135\" \/>\n\t<meta property=\"og:image:type\" content=\"image\/jpeg\" \/>\n<meta name=\"twitter:card\" content=\"summary_large_image\" \/>\n<meta name=\"twitter:label1\" content=\"Est. reading time\" \/>\n\t<meta name=\"twitter:data1\" content=\"1 minute\" \/>\n<script type=\"application\/ld+json\" class=\"yoast-schema-graph\">{\"@context\":\"https:\\\/\\\/schema.org\",\"@graph\":[{\"@type\":\"WebPage\",\"@id\":\"https:\\\/\\\/tbsskateco.com\\\/produit\\\/platine-truck\\\/\",\"url\":\"https:\\\/\\\/tbsskateco.com\\\/produit\\\/platine-truck\\\/\",\"name\":\"Platines trucks - TBS skate co.\",\"isPartOf\":{\"@id\":\"https:\\\/\\\/tbsskateco.com\\\/#website\"},\"primaryImageOfPage\":{\"@id\":\"https:\\\/\\\/tbsskateco.com\\\/produit\\\/platine-truck\\\/#primaryimage\"},\"image\":{\"@id\":\"https:\\\/\\\/tbsskateco.com\\\/produit\\\/platine-truck\\\/#primaryimage\"},\"thumbnailUrl\":\"https:\\\/\\\/tbsskateco.com\\\/wp-content\\\/uploads\\\/2024\\\/01\\\/IMG_2469-carree1.jpg\",\"datePublished\":\"2024-01-16T11:21:25+00:00\",\"dateModified\":\"2026-03-31T22:00:36+00:00\",\"description\":\"Set de platines \u00e0 monter sur une paire de trucks pour utiliser le syst\u00e8me TBS skate co.\",\"breadcrumb\":{\"@id\":\"https:\\\/\\\/tbsskateco.com\\\/produit\\\/platine-truck\\\/#breadcrumb\"},\"inLanguage\":\"en-US\",\"potentialAction\":[{\"@type\":\"ReadAction\",\"target\":[\"https:\\\/\\\/tbsskateco.com\\\/produit\\\/platine-truck\\\/\"]}]},{\"@type\":\"ImageObject\",\"inLanguage\":\"en-US\",\"@id\":\"https:\\\/\\\/tbsskateco.com\\\/produit\\\/platine-truck\\\/#primaryimage\",\"url\":\"https:\\\/\\\/tbsskateco.com\\\/wp-content\\\/uploads\\\/2024\\\/01\\\/IMG_2469-carree1.jpg\",\"contentUrl\":\"https:\\\/\\\/tbsskateco.com\\\/wp-content\\\/uploads\\\/2024\\\/01\\\/IMG_2469-carree1.jpg\",\"width\":2135,\"height\":2135},{\"@type\":\"BreadcrumbList\",\"@id\":\"https:\\\/\\\/tbsskateco.com\\\/produit\\\/platine-truck\\\/#breadcrumb\",\"itemListElement\":[{\"@type\":\"ListItem\",\"position\":1,\"name\":\"Accueil\",\"item\":\"https:\\\/\\\/tbsskateco.com\\\/\"},{\"@type\":\"ListItem\",\"position\":2,\"name\":\"Shop\",\"item\":\"https:\\\/\\\/tbsskateco.com\\\/shop\\\/\"},{\"@type\":\"ListItem\",\"position\":3,\"name\":\"Platine truck\"}]},{\"@type\":\"WebSite\",\"@id\":\"https:\\\/\\\/tbsskateco.com\\\/#website\",\"url\":\"https:\\\/\\\/tbsskateco.com\\\/\",\"name\":\"TBS skate co.\",\"description\":\"The detachable skateboard truck\",\"publisher\":{\"@id\":\"https:\\\/\\\/tbsskateco.com\\\/#organization\"},\"potentialAction\":[{\"@type\":\"SearchAction\",\"target\":{\"@type\":\"EntryPoint\",\"urlTemplate\":\"https:\\\/\\\/tbsskateco.com\\\/?s={search_term_string}\"},\"query-input\":{\"@type\":\"PropertyValueSpecification\",\"valueRequired\":true,\"valueName\":\"search_term_string\"}}],\"inLanguage\":\"en-US\"},{\"@type\":\"Organization\",\"@id\":\"https:\\\/\\\/tbsskateco.com\\\/#organization\",\"name\":\"TBS skate co.\",\"url\":\"https:\\\/\\\/tbsskateco.com\\\/\",\"logo\":{\"@type\":\"ImageObject\",\"inLanguage\":\"en-US\",\"@id\":\"https:\\\/\\\/tbsskateco.com\\\/#\\\/schema\\\/logo\\\/image\\\/\",\"url\":\"https:\\\/\\\/tbsskateco.com\\\/wp-content\\\/uploads\\\/2023\\\/05\\\/LOGO_TBS.svg\",\"contentUrl\":\"https:\\\/\\\/tbsskateco.com\\\/wp-content\\\/uploads\\\/2023\\\/05\\\/LOGO_TBS.svg\",\"width\":1,\"height\":1,\"caption\":\"TBS skate co.\"},\"image\":{\"@id\":\"https:\\\/\\\/tbsskateco.com\\\/#\\\/schema\\\/logo\\\/image\\\/\"},\"sameAs\":[\"https:\\\/\\\/www.facebook.com\\\/tbs.skate\",\"https:\\\/\\\/www.instagram.com\\\/tbs.skate.co\\\/\"]}]}<\/script>\n<!-- \/ Yoast SEO plugin. -->","yoast_head_json":{"title":"Platines trucks - TBS skate co.","description":"Set de platines \u00e0 monter sur une paire de trucks pour utiliser le syst\u00e8me TBS skate co.","robots":{"index":"index","follow":"follow","max-snippet":"max-snippet:-1","max-image-preview":"max-image-preview:large","max-video-preview":"max-video-preview:-1"},"canonical":"https:\/\/tbsskateco.com\/en\/product\/platine-truck\/","og_locale":"en_US","og_type":"article","og_title":"Platines trucks - TBS skate co.","og_description":"Set de platines \u00e0 monter sur une paire de trucks pour utiliser le syst\u00e8me TBS skate co.","og_url":"https:\/\/tbsskateco.com\/en\/product\/platine-truck\/","og_site_name":"TBS skate co.","article_publisher":"https:\/\/www.facebook.com\/tbs.skate","article_modified_time":"2026-03-31T22:00:36+00:00","og_image":[{"width":2135,"height":2135,"url":"https:\/\/tbsskateco.com\/wp-content\/uploads\/2024\/01\/IMG_2469-carree1.jpg","type":"image\/jpeg"}],"twitter_card":"summary_large_image","twitter_misc":{"Est. reading time":"1 minute"},"schema":{"@context":"https:\/\/schema.org","@graph":[{"@type":"WebPage","@id":"https:\/\/tbsskateco.com\/produit\/platine-truck\/","url":"https:\/\/tbsskateco.com\/produit\/platine-truck\/","name":"Platines trucks - TBS skate co.","isPartOf":{"@id":"https:\/\/tbsskateco.com\/#website"},"primaryImageOfPage":{"@id":"https:\/\/tbsskateco.com\/produit\/platine-truck\/#primaryimage"},"image":{"@id":"https:\/\/tbsskateco.com\/produit\/platine-truck\/#primaryimage"},"thumbnailUrl":"https:\/\/tbsskateco.com\/wp-content\/uploads\/2024\/01\/IMG_2469-carree1.jpg","datePublished":"2024-01-16T11:21:25+00:00","dateModified":"2026-03-31T22:00:36+00:00","description":"Set de platines \u00e0 monter sur une paire de trucks pour utiliser le syst\u00e8me TBS skate co.","breadcrumb":{"@id":"https:\/\/tbsskateco.com\/produit\/platine-truck\/#breadcrumb"},"inLanguage":"en-US","potentialAction":[{"@type":"ReadAction","target":["https:\/\/tbsskateco.com\/produit\/platine-truck\/"]}]},{"@type":"ImageObject","inLanguage":"en-US","@id":"https:\/\/tbsskateco.com\/produit\/platine-truck\/#primaryimage","url":"https:\/\/tbsskateco.com\/wp-content\/uploads\/2024\/01\/IMG_2469-carree1.jpg","contentUrl":"https:\/\/tbsskateco.com\/wp-content\/uploads\/2024\/01\/IMG_2469-carree1.jpg","width":2135,"height":2135},{"@type":"BreadcrumbList","@id":"https:\/\/tbsskateco.com\/produit\/platine-truck\/#breadcrumb","itemListElement":[{"@type":"ListItem","position":1,"name":"Accueil","item":"https:\/\/tbsskateco.com\/"},{"@type":"ListItem","position":2,"name":"Shop","item":"https:\/\/tbsskateco.com\/shop\/"},{"@type":"ListItem","position":3,"name":"Platine truck"}]},{"@type":"WebSite","@id":"https:\/\/tbsskateco.com\/#website","url":"https:\/\/tbsskateco.com\/","name":"TBS skate co.","description":"The detachable skateboard truck","publisher":{"@id":"https:\/\/tbsskateco.com\/#organization"},"potentialAction":[{"@type":"SearchAction","target":{"@type":"EntryPoint","urlTemplate":"https:\/\/tbsskateco.com\/?s={search_term_string}"},"query-input":{"@type":"PropertyValueSpecification","valueRequired":true,"valueName":"search_term_string"}}],"inLanguage":"en-US"},{"@type":"Organization","@id":"https:\/\/tbsskateco.com\/#organization","name":"TBS skate co.","url":"https:\/\/tbsskateco.com\/","logo":{"@type":"ImageObject","inLanguage":"en-US","@id":"https:\/\/tbsskateco.com\/#\/schema\/logo\/image\/","url":"https:\/\/tbsskateco.com\/wp-content\/uploads\/2023\/05\/LOGO_TBS.svg","contentUrl":"https:\/\/tbsskateco.com\/wp-content\/uploads\/2023\/05\/LOGO_TBS.svg","width":1,"height":1,"caption":"TBS skate co."},"image":{"@id":"https:\/\/tbsskateco.com\/#\/schema\/logo\/image\/"},"sameAs":["https:\/\/www.facebook.com\/tbs.skate","https:\/\/www.instagram.com\/tbs.skate.co\/"]}]}},"jetpack_sharing_enabled":true,"_links":{"self":[{"href":"https:\/\/tbsskateco.com\/en\/wp-json\/wp\/v2\/product\/1239","targetHints":{"allow":["GET"]}}],"collection":[{"href":"https:\/\/tbsskateco.com\/en\/wp-json\/wp\/v2\/product"}],"about":[{"href":"https:\/\/tbsskateco.com\/en\/wp-json\/wp\/v2\/types\/product"}],"replies":[{"embeddable":true,"href":"https:\/\/tbsskateco.com\/en\/wp-json\/wp\/v2\/comments?post=1239"}],"wp:featuredmedia":[{"embeddable":true,"href":"https:\/\/tbsskateco.com\/en\/wp-json\/wp\/v2\/media\/1240"}],"wp:attachment":[{"href":"https:\/\/tbsskateco.com\/en\/wp-json\/wp\/v2\/media?parent=1239"}],"wp:term":[{"taxonomy":"product_brand","embeddable":true,"href":"https:\/\/tbsskateco.com\/en\/wp-json\/wp\/v2\/product_brand?post=1239"},{"taxonomy":"product_cat","embeddable":true,"href":"https:\/\/tbsskateco.com\/en\/wp-json\/wp\/v2\/product_cat?post=1239"},{"taxonomy":"product_tag","embeddable":true,"href":"https:\/\/tbsskateco.com\/en\/wp-json\/wp\/v2\/product_tag?post=1239"}],"curies":[{"name":"wp","href":"https:\/\/api.w.org\/{rel}","templated":true}]}}