{"id":491,"date":"2023-07-04T09:49:45","date_gmt":"2023-07-04T07:49:45","guid":{"rendered":"https:\/\/tbsskateco.com\/?page_id=491"},"modified":"2023-12-15T18:28:19","modified_gmt":"2023-12-15T17:28:19","slug":"reservation-tbs","status":"publish","type":"page","link":"https:\/\/tbsskateco.com\/en\/reservation-tbs\/","title":{"rendered":"R\u00e9server mon TBS 2"},"content":{"rendered":"[et_pb_section fb_built=\u00a0\u00bb1&Prime; admin_label=\u00a0\u00bbConcept\u00a0\u00bb _builder_version=\u00a0\u00bb4.21.0&Prime; _module_preset=\u00a0\u00bbdefault\u00a0\u00bb custom_padding=\u00a0\u00bb150px||||false|false\u00a0\u00bb locked=\u00a0\u00bboff\u00a0\u00bb global_colors_info=\u00a0\u00bb{}\u00a0\u00bb][et_pb_row column_structure=\u00a0\u00bb3_5,2_5&Prime; _builder_version=\u00a0\u00bb4.21.0&Prime; _module_preset=\u00a0\u00bbdefault\u00a0\u00bb global_colors_info=\u00a0\u00bb{}\u00a0\u00bb][et_pb_column type=\u00a0\u00bb3_5&Prime; _builder_version=\u00a0\u00bb4.21.0&Prime; _module_preset=\u00a0\u00bbdefault\u00a0\u00bb global_colors_info=\u00a0\u00bb{}\u00a0\u00bb][et_pb_image src=\u00a0\u00bbhttps:\/\/tbsskateco.com\/wp-content\/uploads\/2023\/06\/IMG_2475_web.jpg\u00a0\u00bb title_text=\u00a0\u00bbIMG_2475_web\u00a0\u00bb disabled_on=\u00a0\u00bbon|on|off\u00a0\u00bb _builder_version=\u00a0\u00bb4.21.0&Prime; _module_preset=\u00a0\u00bbdefault\u00a0\u00bb border_radii=\u00a0\u00bbon|20px|20px|20px|20px\u00a0\u00bb border_width_all=\u00a0\u00bb0px\u00a0\u00bb border_color_all=\u00a0\u00bbRGBA(255,255,255,0)\u00a0\u00bb border_color_all_tablet=\u00a0\u00bbRGBA(255,255,255,0)\u00a0\u00bb border_color_all_phone=\u00a0\u00bbRGBA(255,255,255,0)\u00a0\u00bb border_color_all_last_edited=\u00a0\u00bbon|phone\u00a0\u00bb global_colors_info=\u00a0\u00bb{}\u00a0\u00bb][\/et_pb_image][et_pb_image src=\u00a0\u00bbhttps:\/\/tbsskateco.com\/wp-content\/uploads\/2023\/06\/IMG_2459_web.jpg\u00a0\u00bb title_text=\u00a0\u00bbIMG_2459_web\u00a0\u00bb disabled_on=\u00a0\u00bbon|on|off\u00a0\u00bb _builder_version=\u00a0\u00bb4.21.0&Prime; _module_preset=\u00a0\u00bbdefault\u00a0\u00bb border_radii=\u00a0\u00bbon|20px|20px|20px|20px\u00a0\u00bb border_width_all=\u00a0\u00bb0px\u00a0\u00bb border_color_all=\u00a0\u00bbRGBA(255,255,255,0)\u00a0\u00bb border_color_all_tablet=\u00a0\u00bbRGBA(255,255,255,0)\u00a0\u00bb border_color_all_phone=\u00a0\u00bbRGBA(255,255,255,0)\u00a0\u00bb border_color_all_last_edited=\u00a0\u00bbon|phone\u00a0\u00bb global_colors_info=\u00a0\u00bb{}\u00a0\u00bb][\/et_pb_image][et_pb_image src=\u00a0\u00bbhttps:\/\/tbsskateco.com\/wp-content\/uploads\/2023\/06\/IMG_2503_web.jpg\u00a0\u00bb title_text=\u00a0\u00bbIMG_2503_web\u00a0\u00bb disabled_on=\u00a0\u00bbon|on|off\u00a0\u00bb _builder_version=\u00a0\u00bb4.21.0&Prime; _module_preset=\u00a0\u00bbdefault\u00a0\u00bb border_radii=\u00a0\u00bbon|20px|20px|20px|20px\u00a0\u00bb border_width_all=\u00a0\u00bb0px\u00a0\u00bb border_color_all=\u00a0\u00bbRGBA(255,255,255,0)\u00a0\u00bb border_color_all_tablet=\u00a0\u00bbRGBA(255,255,255,0)\u00a0\u00bb border_color_all_phone=\u00a0\u00bbRGBA(255,255,255,0)\u00a0\u00bb border_color_all_last_edited=\u00a0\u00bbon|phone\u00a0\u00bb global_colors_info=\u00a0\u00bb{}\u00a0\u00bb][\/et_pb_image][et_pb_gallery gallery_ids=\u00a0\u00bb425,428,427,426&Prime; fullwidth=\u00a0\u00bbon\u00a0\u00bb disabled_on=\u00a0\u00bboff|off|on\u00a0\u00bb _builder_version=\u00a0\u00bb4.21.0&Prime; _module_preset=\u00a0\u00bbdefault\u00a0\u00bb border_radii=\u00a0\u00bbon|20px|20px|20px|20px\u00a0\u00bb global_colors_info=\u00a0\u00bb{}\u00a0\u00bb][\/et_pb_gallery][\/et_pb_column][et_pb_column type=\u00a0\u00bb2_5&Prime; _builder_version=\u00a0\u00bb4.21.0&Prime; _module_preset=\u00a0\u00bbdefault\u00a0\u00bb sticky_position=\u00a0\u00bbtop\u00a0\u00bb sticky_offset_top=\u00a0\u00bb50px\u00a0\u00bb sticky_limit_bottom=\u00a0\u00bbrow\u00a0\u00bb sticky_position_tablet=\u00a0\u00bbtop\u00a0\u00bb sticky_position_phone=\u00a0\u00bbnone\u00a0\u00bb sticky_position_last_edited=\u00a0\u00bbon|phone\u00a0\u00bb sticky_offset_top_tablet=\u00a0\u00bb50px\u00a0\u00bb sticky_offset_top_phone=\u00a0\u00bb0px\u00a0\u00bb sticky_offset_top_last_edited=\u00a0\u00bbon|phone\u00a0\u00bb global_colors_info=\u00a0\u00bb{}\u00a0\u00bb][et_pb_text _builder_version=\u00a0\u00bb4.21.0&Prime; _module_preset=\u00a0\u00bbdefault\u00a0\u00bb global_colors_info=\u00a0\u00bb{}\u00a0\u00bb]<h2>Enjoy a 40% discount by pledging 1\u20ac now!<\/h2>\n<p>&nbsp;<\/p>\n<p><strong>1\u20ac deposit to be sure to enjoy the biggest discount on the system (69\u20ac instead of 119\u20ac).<\/strong><\/p>\n<p>System for quickly and tool-free change your setup (trucks and wheels). Package includes attachments for 1 board and 2 pairs of trucks. For other packages (e.g., for 2 boards and 1 pair of trucks), the discount will be equivalent.<\/p>[\/et_pb_text][et_pb_text _builder_version=\u00a0\u00bb4.21.0&Prime; _module_preset=\u00a0\u00bbdefault\u00a0\u00bb global_colors_info=\u00a0\u00bb{}\u00a0\u00bb]<p>Enter your name and email adress, then click on \"Reserve my TBS\" and finally you could enter your credit card numbers and click on \"Pledge 1\u20ac\".<\/p>[\/et_pb_text][et_pb_code _builder_version=\u00a0\u00bb4.21.0&Prime; _module_preset=\u00a0\u00bbdefault\u00a0\u00bb background_color=\u00a0\u00bb#000000&Prime; custom_margin=\u00a0\u00bb30px||||false|false\u00a0\u00bb custom_padding=\u00a0\u00bb30px|30px|30px|30px|false|false\u00a0\u00bb border_radii=\u00a0\u00bbon|30px|30px|30px|30px\u00a0\u00bb global_colors_info=\u00a0\u00bb{}\u00a0\u00bb]\n<div class=\"wpcf7 no-js\" id=\"wpcf7-f430-o1\" lang=\"fr-FR\" dir=\"ltr\">\n<div class=\"screen-reader-response\"><p role=\"status\" aria-live=\"polite\" aria-atomic=\"true\"><\/p> <ul><\/ul><\/div>\n<form action=\"\/en\/wp-json\/wp\/v2\/pages\/491#wpcf7-f430-o1\" method=\"post\" class=\"wpcf7-form init\" aria-label=\"Formulaire de contact\" novalidate=\"novalidate\" data-status=\"init\" data-trp-original-action=\"\/en\/wp-json\/wp\/v2\/pages\/491#wpcf7-f430-o1\">\n<div style=\"display: none;\">\n<input type=\"hidden\" name=\"_wpcf7\" value=\"430\" \/>\n<input type=\"hidden\" name=\"_wpcf7_version\" value=\"5.8.6\" \/>\n<input type=\"hidden\" name=\"_wpcf7_locale\" value=\"fr_FR\" \/>\n<input type=\"hidden\" name=\"_wpcf7_unit_tag\" value=\"wpcf7-f430-o1\" \/>\n<input type=\"hidden\" name=\"_wpcf7_container_post\" value=\"0\" \/>\n<input type=\"hidden\" name=\"_wpcf7_posted_data_hash\" value=\"\" \/>\n<input type=\"hidden\" name=\"_wpcf7_recaptcha_response\" value=\"\" \/>\n<\/div>\n<p><span class=\"wpcf7-form-control-wrap\" data-name=\"your-name\"><input size=\"40\" class=\"wpcf7-form-control wpcf7-text wpcf7-validates-as-required\" aria-required=\"true\" aria-invalid=\"false\" placeholder=\"Your name\" value=\"\" type=\"text\" name=\"your-name\" \/><\/span>\n<\/p>\n<p><span class=\"wpcf7-form-control-wrap\" data-name=\"your-email\"><input size=\"40\" class=\"wpcf7-form-control wpcf7-email wpcf7-validates-as-required wpcf7-text wpcf7-validates-as-email\" aria-required=\"true\" aria-invalid=\"false\" placeholder=\"Your email adress\" value=\"\" type=\"email\" name=\"your-email\" \/><\/span>\n<\/p>\n<div class=\"wpcf7-stripe\"><div class=\"wpcf7-form-control-wrap hidden\"><div class=\"card-element wpcf7-form-control\" aria-invalid=\"false\"><\/div><\/div> <span class=\"buttons has-spinner\"><button type=\"submit\" class=\"first\">Reserve my TBS<\/button> <button type=\"button\" class=\"second hidden\">Pledge 1\u20ac<\/button><\/span> <input type=\"hidden\" name=\"_wpcf7_stripe_payment_intent\" value=\"\" \/><\/div><div class=\"wpcf7-response-output\" aria-hidden=\"true\"><\/div>\n<input type=\"hidden\" name=\"trp-form-language\" value=\"en\"\/><\/form>\n<\/div>\n[\/et_pb_code][\/et_pb_column][\/et_pb_row][\/et_pb_section][et_pb_section fb_built=\u00a0\u00bb1&Prime; _builder_version=\u00a0\u00bb4.21.0&Prime; _module_preset=\u00a0\u00bbdefault\u00a0\u00bb global_colors_info=\u00a0\u00bb{}\u00a0\u00bb][et_pb_row _builder_version=\u00a0\u00bb4.21.0&Prime; _module_preset=\u00a0\u00bbdefault\u00a0\u00bb global_colors_info=\u00a0\u00bb{}\u00a0\u00bb][et_pb_column type=\u00a0\u00bb4_4&Prime; _builder_version=\u00a0\u00bb4.21.0&Prime; _module_preset=\u00a0\u00bbdefault\u00a0\u00bb global_colors_info=\u00a0\u00bb{}\u00a0\u00bb][et_pb_text _builder_version=\u00a0\u00bb4.21.0&Prime; _module_preset=\u00a0\u00bbdefault\u00a0\u00bb text_font_size=\u00a0\u00bb12px\u00a0\u00bb global_colors_info=\u00a0\u00bb{}\u00a0\u00bb custom_padding=\u00a0\u00bb11px|||||\u00a0\u00bb]<p>Payment of 1\u20ac to gain early access to the crowdfunding campaign starting in early October. The number of units at -40% will be limited; only the first 100 will be able to take advantage of it. Payment refundable upon request at tbsskateco(at)gmail.com.<\/p>[\/et_pb_text][\/et_pb_column][\/et_pb_row][\/et_pb_section]","protected":false},"excerpt":{"rendered":"<p>Profite de -40% en r\u00e9servant d\u00e8s maintenant ! &nbsp; R\u00e9servation de 1\u20ac pour \u00eatre s\u00fbr de profiter de la plus grosse r\u00e9duction \u00e0 venir sur le syst\u00e8me (69\u20ac au lieu de 119\u20ac). Syst\u00e8me permettant de changer rapidement et sans outil son setup (trucks + roues). Pack comprenant les fixations pour 1 planche et 2 paires [&hellip;]<\/p>","protected":false},"author":2,"featured_media":0,"parent":0,"menu_order":0,"comment_status":"closed","ping_status":"closed","template":"","meta":{"_et_pb_use_builder":"on","_et_pb_old_content":"","_et_gb_content_width":"","footnotes":""},"class_list":["post-491","page","type-page","status-publish","hentry"],"yoast_head":"<!-- This site is optimized with the Yoast SEO plugin v27.3 - https:\/\/yoast.com\/product\/yoast-seo-wordpress\/ -->\n<title>R\u00e9server mon syst\u00e8me - TBS skate co.<\/title>\n<meta name=\"robots\" content=\"noindex, follow\" \/>\n<meta property=\"og:locale\" content=\"en_US\" \/>\n<meta property=\"og:type\" content=\"article\" \/>\n<meta property=\"og:title\" content=\"R\u00e9server mon syst\u00e8me - TBS skate co.\" \/>\n<meta property=\"og:description\" content=\"Profite de -40% en r\u00e9servant d\u00e8s maintenant ! &nbsp; R\u00e9servation de 1\u20ac pour \u00eatre s\u00fbr de profiter de la plus grosse r\u00e9duction \u00e0 venir sur le syst\u00e8me (69\u20ac au lieu de 119\u20ac). Syst\u00e8me permettant de changer rapidement et sans outil son setup (trucks + roues). Pack comprenant les fixations pour 1 planche et 2 paires [&hellip;]\" \/>\n<meta property=\"og:url\" content=\"https:\/\/tbsskateco.com\/en\/reservation-tbs\/\" \/>\n<meta property=\"og:site_name\" content=\"TBS skate co.\" \/>\n<meta property=\"article:publisher\" content=\"https:\/\/www.facebook.com\/tbs.skate\" \/>\n<meta property=\"article:modified_time\" content=\"2023-12-15T17:28:19+00:00\" \/>\n<meta name=\"twitter:card\" content=\"summary_large_image\" \/>\n<meta name=\"twitter:label1\" content=\"Est. reading time\" \/>\n\t<meta name=\"twitter:data1\" content=\"2 minutes\" \/>\n<script type=\"application\/ld+json\" class=\"yoast-schema-graph\">{\"@context\":\"https:\\\/\\\/schema.org\",\"@graph\":[{\"@type\":\"WebPage\",\"@id\":\"https:\\\/\\\/tbsskateco.com\\\/reservation-tbs\\\/\",\"url\":\"https:\\\/\\\/tbsskateco.com\\\/reservation-tbs\\\/\",\"name\":\"R\u00e9server mon syst\u00e8me - TBS skate co.\",\"isPartOf\":{\"@id\":\"https:\\\/\\\/tbsskateco.com\\\/#website\"},\"datePublished\":\"2023-07-04T07:49:45+00:00\",\"dateModified\":\"2023-12-15T17:28:19+00:00\",\"breadcrumb\":{\"@id\":\"https:\\\/\\\/tbsskateco.com\\\/reservation-tbs\\\/#breadcrumb\"},\"inLanguage\":\"en-US\",\"potentialAction\":[{\"@type\":\"ReadAction\",\"target\":[\"https:\\\/\\\/tbsskateco.com\\\/reservation-tbs\\\/\"]}]},{\"@type\":\"BreadcrumbList\",\"@id\":\"https:\\\/\\\/tbsskateco.com\\\/reservation-tbs\\\/#breadcrumb\",\"itemListElement\":[{\"@type\":\"ListItem\",\"position\":1,\"name\":\"Accueil\",\"item\":\"https:\\\/\\\/tbsskateco.com\\\/\"},{\"@type\":\"ListItem\",\"position\":2,\"name\":\"R\u00e9server mon TBS 2\"}]},{\"@type\":\"WebSite\",\"@id\":\"https:\\\/\\\/tbsskateco.com\\\/#website\",\"url\":\"https:\\\/\\\/tbsskateco.com\\\/\",\"name\":\"TBS skate co.\",\"description\":\"The detachable skateboard truck\",\"publisher\":{\"@id\":\"https:\\\/\\\/tbsskateco.com\\\/#organization\"},\"potentialAction\":[{\"@type\":\"SearchAction\",\"target\":{\"@type\":\"EntryPoint\",\"urlTemplate\":\"https:\\\/\\\/tbsskateco.com\\\/?s={search_term_string}\"},\"query-input\":{\"@type\":\"PropertyValueSpecification\",\"valueRequired\":true,\"valueName\":\"search_term_string\"}}],\"inLanguage\":\"en-US\"},{\"@type\":\"Organization\",\"@id\":\"https:\\\/\\\/tbsskateco.com\\\/#organization\",\"name\":\"TBS skate co.\",\"url\":\"https:\\\/\\\/tbsskateco.com\\\/\",\"logo\":{\"@type\":\"ImageObject\",\"inLanguage\":\"en-US\",\"@id\":\"https:\\\/\\\/tbsskateco.com\\\/#\\\/schema\\\/logo\\\/image\\\/\",\"url\":\"https:\\\/\\\/tbsskateco.com\\\/wp-content\\\/uploads\\\/2023\\\/05\\\/LOGO_TBS.svg\",\"contentUrl\":\"https:\\\/\\\/tbsskateco.com\\\/wp-content\\\/uploads\\\/2023\\\/05\\\/LOGO_TBS.svg\",\"width\":1,\"height\":1,\"caption\":\"TBS skate co.\"},\"image\":{\"@id\":\"https:\\\/\\\/tbsskateco.com\\\/#\\\/schema\\\/logo\\\/image\\\/\"},\"sameAs\":[\"https:\\\/\\\/www.facebook.com\\\/tbs.skate\",\"https:\\\/\\\/www.instagram.com\\\/tbs.skate.co\\\/\"]}]}<\/script>\n<!-- \/ Yoast SEO plugin. -->","yoast_head_json":{"title":"R\u00e9server mon syst\u00e8me - TBS skate co.","robots":{"index":"noindex","follow":"follow"},"og_locale":"en_US","og_type":"article","og_title":"R\u00e9server mon syst\u00e8me - TBS skate co.","og_description":"Profite de -40% en r\u00e9servant d\u00e8s maintenant ! &nbsp; R\u00e9servation de 1\u20ac pour \u00eatre s\u00fbr de profiter de la plus grosse r\u00e9duction \u00e0 venir sur le syst\u00e8me (69\u20ac au lieu de 119\u20ac). Syst\u00e8me permettant de changer rapidement et sans outil son setup (trucks + roues). Pack comprenant les fixations pour 1 planche et 2 paires [&hellip;]","og_url":"https:\/\/tbsskateco.com\/en\/reservation-tbs\/","og_site_name":"TBS skate co.","article_publisher":"https:\/\/www.facebook.com\/tbs.skate","article_modified_time":"2023-12-15T17:28:19+00:00","twitter_card":"summary_large_image","twitter_misc":{"Est. reading time":"2 minutes"},"schema":{"@context":"https:\/\/schema.org","@graph":[{"@type":"WebPage","@id":"https:\/\/tbsskateco.com\/reservation-tbs\/","url":"https:\/\/tbsskateco.com\/reservation-tbs\/","name":"R\u00e9server mon syst\u00e8me - TBS skate co.","isPartOf":{"@id":"https:\/\/tbsskateco.com\/#website"},"datePublished":"2023-07-04T07:49:45+00:00","dateModified":"2023-12-15T17:28:19+00:00","breadcrumb":{"@id":"https:\/\/tbsskateco.com\/reservation-tbs\/#breadcrumb"},"inLanguage":"en-US","potentialAction":[{"@type":"ReadAction","target":["https:\/\/tbsskateco.com\/reservation-tbs\/"]}]},{"@type":"BreadcrumbList","@id":"https:\/\/tbsskateco.com\/reservation-tbs\/#breadcrumb","itemListElement":[{"@type":"ListItem","position":1,"name":"Accueil","item":"https:\/\/tbsskateco.com\/"},{"@type":"ListItem","position":2,"name":"R\u00e9server mon TBS 2"}]},{"@type":"WebSite","@id":"https:\/\/tbsskateco.com\/#website","url":"https:\/\/tbsskateco.com\/","name":"TBS skate co.","description":"The detachable skateboard truck","publisher":{"@id":"https:\/\/tbsskateco.com\/#organization"},"potentialAction":[{"@type":"SearchAction","target":{"@type":"EntryPoint","urlTemplate":"https:\/\/tbsskateco.com\/?s={search_term_string}"},"query-input":{"@type":"PropertyValueSpecification","valueRequired":true,"valueName":"search_term_string"}}],"inLanguage":"en-US"},{"@type":"Organization","@id":"https:\/\/tbsskateco.com\/#organization","name":"TBS skate co.","url":"https:\/\/tbsskateco.com\/","logo":{"@type":"ImageObject","inLanguage":"en-US","@id":"https:\/\/tbsskateco.com\/#\/schema\/logo\/image\/","url":"https:\/\/tbsskateco.com\/wp-content\/uploads\/2023\/05\/LOGO_TBS.svg","contentUrl":"https:\/\/tbsskateco.com\/wp-content\/uploads\/2023\/05\/LOGO_TBS.svg","width":1,"height":1,"caption":"TBS skate co."},"image":{"@id":"https:\/\/tbsskateco.com\/#\/schema\/logo\/image\/"},"sameAs":["https:\/\/www.facebook.com\/tbs.skate","https:\/\/www.instagram.com\/tbs.skate.co\/"]}]}},"jetpack_sharing_enabled":true,"_links":{"self":[{"href":"https:\/\/tbsskateco.com\/en\/wp-json\/wp\/v2\/pages\/491","targetHints":{"allow":["GET"]}}],"collection":[{"href":"https:\/\/tbsskateco.com\/en\/wp-json\/wp\/v2\/pages"}],"about":[{"href":"https:\/\/tbsskateco.com\/en\/wp-json\/wp\/v2\/types\/page"}],"author":[{"embeddable":true,"href":"https:\/\/tbsskateco.com\/en\/wp-json\/wp\/v2\/users\/2"}],"replies":[{"embeddable":true,"href":"https:\/\/tbsskateco.com\/en\/wp-json\/wp\/v2\/comments?post=491"}],"version-history":[{"count":9,"href":"https:\/\/tbsskateco.com\/en\/wp-json\/wp\/v2\/pages\/491\/revisions"}],"predecessor-version":[{"id":1176,"href":"https:\/\/tbsskateco.com\/en\/wp-json\/wp\/v2\/pages\/491\/revisions\/1176"}],"wp:attachment":[{"href":"https:\/\/tbsskateco.com\/en\/wp-json\/wp\/v2\/media?parent=491"}],"curies":[{"name":"wp","href":"https:\/\/api.w.org\/{rel}","templated":true}]}}