{"id":172,"date":"2023-05-17T17:49:19","date_gmt":"2023-05-17T15:49:19","guid":{"rendered":"https:\/\/tbsskateco.com\/?page_id=172"},"modified":"2024-06-27T21:06:40","modified_gmt":"2024-06-27T19:06:40","slug":"mentions-legales","status":"publish","type":"page","link":"https:\/\/tbsskateco.com\/en\/mentions-legales\/","title":{"rendered":"Legal notice"},"content":{"rendered":"<p>[et_pb_section fb_built=\u00a0\u00bb1&Prime; _builder_version=\u00a0\u00bb4.21.0&Prime; _module_preset=\u00a0\u00bbdefault\u00a0\u00bb background_image=\u00a0\u00bbhttps:\/\/tbsskateco.com\/wp-content\/uploads\/2023\/05\/skateboard-skateboarder-skateboarding-2909-scaled.jpg\u00a0\u00bb global_colors_info=\u00a0\u00bb{}\u00a0\u00bb theme_builder_area=\u00a0\u00bbpost_content\u00a0\u00bb][et_pb_row _builder_version=\u00a0\u00bb4.21.0&Prime; _module_preset=\u00a0\u00bbdefault\u00a0\u00bb global_colors_info=\u00a0\u00bb{}\u00a0\u00bb theme_builder_area=\u00a0\u00bbpost_content\u00a0\u00bb][et_pb_column type=\u00a0\u00bb4_4&Prime; _builder_version=\u00a0\u00bb4.21.0&Prime; _module_preset=\u00a0\u00bbdefault\u00a0\u00bb global_colors_info=\u00a0\u00bb{}\u00a0\u00bb theme_builder_area=\u00a0\u00bbpost_content\u00a0\u00bb][et_pb_menu menu_id=\u00a0\u00bb3&Prime; dropdown_menu_bg_color=\u00a0\u00bb#FFFFFF\u00a0\u00bb dropdown_menu_text_color=\u00a0\u00bb#000000&Prime; dropdown_menu_active_link_color=\u00a0\u00bb#000000&Prime; mobile_menu_bg_color=\u00a0\u00bb#FFFFFF\u00a0\u00bb mobile_menu_text_color=\u00a0\u00bb#000000&Prime; logo=\u00a0\u00bbhttps:\/\/tbsskateco.com\/wp-content\/uploads\/2023\/08\/LOGO_TBS_blancjaune1.png\u00a0\u00bb logo_url=\u00a0\u00bbhttps:\/\/tbsskateco.com\/\u00a0\u00bb logo_width=\u00a0\u00bb11%\u00a0\u00bb logo_tablet=\u00a0\u00bbhttps:\/\/tbsskateco.com\/wp-content\/uploads\/2023\/08\/LOGO_TBS_blancjaune1.png\u00a0\u00bb logo_phone=\u00a0\u00bbhttps:\/\/tbsskateco.com\/wp-content\/uploads\/2023\/08\/LOGO_TBS_blancjaune1.png\u00a0\u00bb logo_last_edited=\u00a0\u00bbon|phone\u00a0\u00bb logo_width_tablet=\u00a0\u00bb25%\u00a0\u00bb logo_width_phone=\u00a0\u00bb40%\u00a0\u00bb logo_width_last_edited=\u00a0\u00bbon|phone\u00a0\u00bb _builder_version=\u00a0\u00bb4.21.0&Prime; _module_preset=\u00a0\u00bbdefault\u00a0\u00bb menu_font=\u00a0\u00bb|700|||||||\u00a0\u00bb menu_text_color=\u00a0\u00bb#FFFFFF\u00a0\u00bb background_color=\u00a0\u00bbRGBA(255,255,255,0)\u00a0\u00bb text_orientation=\u00a0\u00bbcenter\u00a0\u00bb custom_margin=\u00a0\u00bb|||20px|false|false\u00a0\u00bb background_color_phone=\u00a0\u00bbRGBA(255,255,255,0)\u00a0\u00bb background_last_edited=\u00a0\u00bbon|phone\u00a0\u00bb background_enable_color_phone=\u00a0\u00bbon\u00a0\u00bb global_colors_info=\u00a0\u00bb{}\u00a0\u00bb theme_builder_area=\u00a0\u00bbpost_content\u00a0\u00bb][\/et_pb_menu][\/et_pb_column][\/et_pb_row][\/et_pb_section][et_pb_section fb_built=\u00a0\u00bb1&Prime; _builder_version=\u00a0\u00bb4.21.0&Prime; _module_preset=\u00a0\u00bbdefault\u00a0\u00bb global_colors_info=\u00a0\u00bb{}\u00a0\u00bb][et_pb_row _builder_version=\u00a0\u00bb4.21.0&Prime; _module_preset=\u00a0\u00bbdefault\u00a0\u00bb custom_padding=\u00a0\u00bb|29px||29px||true\u00a0\u00bb global_colors_info=\u00a0\u00bb{}\u00a0\u00bb][et_pb_column type=\u00a0\u00bb4_4&Prime; _builder_version=\u00a0\u00bb4.21.0&Prime; _module_preset=\u00a0\u00bbdefault\u00a0\u00bb global_colors_info=\u00a0\u00bb{}\u00a0\u00bb][et_pb_text content_tablet=\u00a0\u00bb<\/p>\n<h2>Identit\u00e9<\/h2>\n<p>Nom du site : TBS skate co.<br \/>Adresse du site : https:\/\/www.tbsskateco.com<\/p>\n<p>TBS skate co. est une marque de la soci\u00e9t\u00e9 SAS Le prototypiste.<br \/>Adresse du si\u00e8ge social : 40 rue du Faubourg Poissonni\u00e8re 75010 Paris<br \/>Num\u00e9ro SIRET : 913963278 00019<br \/>Num\u00e9ro de TVA intracommunautaire : FR 61913963278<br \/>T\u00e9l\u00e9phone : +33 628 46 59 32 &#8211; Mail: aurelien@le-prototypiste.com<\/p>\n<h2><\/h2>\n<h2><\/h2>\n<h2><\/h2>\n<h2><\/h2>\n<h2>Conditions d\u2019utilisation<\/h2>\n<p>L\u2019utilisation du pr\u00e9sent site implique l\u2019acceptation pleine et enti\u00e8re des conditions g\u00e9n\u00e9rales d\u2019utilisation d\u00e9crites ci-apr\u00e8s. Ces conditions d\u2019utilisation sont susceptibles d\u2019\u00eatre modifi\u00e9es ou compl\u00e9t\u00e9es \u00e0 tout moment.<\/p>\n<h3>Informations<\/h3>\n<p>Les informations et documents du site sont pr\u00e9sent\u00e9s \u00e0 titre indicatif, sans caract\u00e8re exhaustif, et ne peuvent engager la responsabilit\u00e9 du propri\u00e9taire du site.<\/p>\n<p>Le propri\u00e9taire du site ne peut \u00eatre tenu responsable des dommages directs et indirects cons\u00e9cutifs \u00e0 l\u2019acc\u00e8s au site.<\/p>\n<h3>Interactivit\u00e9<\/h3>\n<p>Les utilisateurs du site peuvent y d\u00e9poser du contenu, apparaissant sur le site dans des espaces d\u00e9di\u00e9s (notamment via les commentaires). Le contenu d\u00e9pos\u00e9 reste sous la responsabilit\u00e9 de leurs auteurs, qui en assument pleinement l\u2019enti\u00e8re responsabilit\u00e9 juridique.<\/p>\n<p>Le propri\u00e9taire du site se r\u00e9serve n\u00e9anmoins le droit de retirer sans pr\u00e9avis et sans justification tout contenu d\u00e9pos\u00e9 par les utilisateurs qui ne satisferait pas \u00e0 la charte d\u00e9ontologique du site ou \u00e0 la l\u00e9gislation en vigueur.<\/p>\n<h3>Propri\u00e9t\u00e9 intellectuelle<\/h3>\n<p>Sauf mention contraire, tous les \u00e9l\u00e9ments accessibles sur le site (textes, images, graphismes, logo, ic\u00f4nes, sons, logiciels, etc.) restent la propri\u00e9t\u00e9 exclusive de leurs auteurs, en ce qui concerne les droits de propri\u00e9t\u00e9 intellectuelle ou les droits d\u2019usage. <sup id=\"%22fnref-7013-1%22\"><a href=\"%22https:\/\/www.webexpress.fr\/actualite\/focus\/modele-de-mentions-legales-complet-et-gratuit\/#fn-7013-1%22\" rel=\"%22footnote%22\">1<\/a><\/sup><\/p>\n<p>Toute reproduction, repr\u00e9sentation, modification, publication, adaptation de tout ou partie des \u00e9l\u00e9ments du site, quel que soit le moyen ou le proc\u00e9d\u00e9 utilis\u00e9, est interdite, sauf autorisation \u00e9crite pr\u00e9alable de l\u2019auteur.<sup id=\"%22fnref-7013-2%22\"><\/sup><sup id=\"%22fnref-7013-3%22\"><\/sup><\/p>\n<p>Toute exploitation non autoris\u00e9e du site ou de l\u2019un quelconque des \u00e9l\u00e9ments qu\u2019il contient est consid\u00e9r\u00e9e comme constitutive d\u2019une contrefa\u00e7on et passible de poursuites.<\/p>\n<p>Les marques et logos reproduits sur le site sont d\u00e9pos\u00e9s par les soci\u00e9t\u00e9s qui en sont propri\u00e9taires.<\/p>\n<h3>Liens<\/h3>\n<p><strong>Liens sortants<\/strong><br \/>Le propri\u00e9taire du site d\u00e9cline toute responsabilit\u00e9 et n\u2019est pas engag\u00e9 par le r\u00e9f\u00e9rencement via des liens hypertextes, de ressources tierces pr\u00e9sentes sur le r\u00e9seau Internet, tant en ce qui concerne leur contenu que leur pertinence.<\/p>\n<p><strong>Liens entrants<\/strong><br \/>Le propri\u00e9taire du site autorise les liens hypertextes vers l\u2019une des pages de ce site, \u00e0 condition que ceux-ci ouvrent une nouvelle fen\u00eatre et soient pr\u00e9sent\u00e9s de mani\u00e8re non-\u00e9quivoque afin d\u2019\u00e9viter :<\/p>\n<ul>\n<li>tout risque de confusion entre le site citant et le propri\u00e9taire du site<\/li>\n<li>ainsi que toute pr\u00e9sentation tendancieuse, ou contraire aux lois en vigueur.<\/li>\n<\/ul>\n<p>Le propri\u00e9taire du site se r\u00e9serve le droit de demander la suppression d\u2019un lien s\u2019il estime que le site source ne respecte pas les r\u00e8gles ainsi d\u00e9finies.<\/p>\n<h3>Confidentialit\u00e9<\/h3>\n<p>Tout utilisateur dispose d\u2019un droit d\u2019acc\u00e8s, de rectification et d\u2019opposition aux donn\u00e9es personnelles le concernant, en effectuant sa demande \u00e9crite et sign\u00e9e, accompagn\u00e9e d\u2019une preuve d\u2019identit\u00e9.<\/p>\n<p>Le site ne recueille pas d\u2019informations personnelles, et n\u2019est pas assujetti \u00e0 d\u00e9claration \u00e0 la CNIL.<\/p>\n<ul>\n<li>Politique de confidentialit\u00e9 : se r\u00e9f\u00e9rer \u00e0 la page Politique de Confidentialit\u00e9<\/li>\n<li>Politique de cookies : se r\u00e9f\u00e9rer \u00e0 la page Politique des Cookies<\/li>\n<\/ul>\n<p>\u00a0\u00bb content_phone=\u00a0\u00bb<\/p>\n<h2>Identit\u00e9<\/h2>\n<p>Nom du site : TBS skate co.<br \/>Adresse du site : https:\/\/www.tbsskateco.com<\/p>\n<p>TBS skate co. est une marque de la soci\u00e9t\u00e9 SAS Le prototypiste.<br \/>Adresse du si\u00e8ge social : 40 rue du Faubourg Poissonni\u00e8re 75010 Paris<br \/>Num\u00e9ro SIRET : 913963278 00019<br \/>Num\u00e9ro de TVA intracommunautaire : FR 61913963278<br \/>T\u00e9l\u00e9phone : +33 628 46 59 32 &#8211; Mail: aurelien@le-prototypiste.com<\/p>\n<h2><\/h2>\n<h2><\/h2>\n<h2><\/h2>\n<h2><\/h2>\n<h2>Conditions d\u2019utilisation<\/h2>\n<p>L\u2019utilisation du pr\u00e9sent site implique l\u2019acceptation pleine et enti\u00e8re des conditions g\u00e9n\u00e9rales d\u2019utilisation d\u00e9crites ci-apr\u00e8s. Ces conditions d\u2019utilisation sont susceptibles d\u2019\u00eatre modifi\u00e9es ou compl\u00e9t\u00e9es \u00e0 tout moment.<\/p>\n<h3>Informations<\/h3>\n<p>Les informations et documents du site sont pr\u00e9sent\u00e9s \u00e0 titre indicatif, sans caract\u00e8re exhaustif, et ne peuvent engager la responsabilit\u00e9 du propri\u00e9taire du site.<\/p>\n<p>Le propri\u00e9taire du site ne peut \u00eatre tenu responsable des dommages directs et indirects cons\u00e9cutifs \u00e0 l\u2019acc\u00e8s au site.<\/p>\n<h3>Interactivit\u00e9<\/h3>\n<p>Les utilisateurs du site peuvent y d\u00e9poser du contenu, apparaissant sur le site dans des espaces d\u00e9di\u00e9s (notamment via les commentaires). Le contenu d\u00e9pos\u00e9 reste sous la responsabilit\u00e9 de leurs auteurs, qui en assument pleinement l\u2019enti\u00e8re responsabilit\u00e9 juridique.<\/p>\n<p>Le propri\u00e9taire du site se r\u00e9serve n\u00e9anmoins le droit de retirer sans pr\u00e9avis et sans justification tout contenu d\u00e9pos\u00e9 par les utilisateurs qui ne satisferait pas \u00e0 la charte d\u00e9ontologique du site ou \u00e0 la l\u00e9gislation en vigueur.<\/p>\n<h3>Propri\u00e9t\u00e9 intellectuelle<\/h3>\n<p>Sauf mention contraire, tous les \u00e9l\u00e9ments accessibles sur le site (textes, images, graphismes, logo, ic\u00f4nes, sons, logiciels, etc.) restent la propri\u00e9t\u00e9 exclusive de leurs auteurs, en ce qui concerne les droits de propri\u00e9t\u00e9 intellectuelle ou les droits d\u2019usage. <sup id=\"%22fnref-7013-1%22\"><a href=\"%22https:\/\/www.webexpress.fr\/actualite\/focus\/modele-de-mentions-legales-complet-et-gratuit\/#fn-7013-1%22\" rel=\"%22footnote%22\">1<\/a><\/sup><\/p>\n<p>Toute reproduction, repr\u00e9sentation, modification, publication, adaptation de tout ou partie des \u00e9l\u00e9ments du site, quel que soit le moyen ou le proc\u00e9d\u00e9 utilis\u00e9, est interdite, sauf autorisation \u00e9crite pr\u00e9alable de l\u2019auteur.<sup id=\"%22fnref-7013-2%22\"><\/sup><sup id=\"%22fnref-7013-3%22\"><\/sup><\/p>\n<p>Toute exploitation non autoris\u00e9e du site ou de l\u2019un quelconque des \u00e9l\u00e9ments qu\u2019il contient est consid\u00e9r\u00e9e comme constitutive d\u2019une contrefa\u00e7on et passible de poursuites.<\/p>\n<p>Les marques et logos reproduits sur le site sont d\u00e9pos\u00e9s par les soci\u00e9t\u00e9s qui en sont propri\u00e9taires.<\/p>\n<h3>Liens<\/h3>\n<p><strong>Liens sortants<\/strong><br \/>Le propri\u00e9taire du site d\u00e9cline toute responsabilit\u00e9 et n\u2019est pas engag\u00e9 par le r\u00e9f\u00e9rencement via des liens hypertextes, de ressources tierces pr\u00e9sentes sur le r\u00e9seau Internet, tant en ce qui concerne leur contenu que leur pertinence.<\/p>\n<p><strong>Liens entrants<\/strong><br \/>Le propri\u00e9taire du site autorise les liens hypertextes vers l\u2019une des pages de ce site, \u00e0 condition que ceux-ci ouvrent une nouvelle fen\u00eatre et soient pr\u00e9sent\u00e9s de mani\u00e8re non-\u00e9quivoque afin d\u2019\u00e9viter :<\/p>\n<ul>\n<li>tout risque de confusion entre le site citant et le propri\u00e9taire du site<\/li>\n<li>ainsi que toute pr\u00e9sentation tendancieuse, ou contraire aux lois en vigueur.<\/li>\n<\/ul>\n<p>Le propri\u00e9taire du site se r\u00e9serve le droit de demander la suppression d\u2019un lien s\u2019il estime que le site source ne respecte pas les r\u00e8gles ainsi d\u00e9finies.<\/p>\n<h3>Confidentialit\u00e9<\/h3>\n<p>Tout utilisateur dispose d\u2019un droit d\u2019acc\u00e8s, de rectification et d\u2019opposition aux donn\u00e9es personnelles le concernant, en effectuant sa demande \u00e9crite et sign\u00e9e, accompagn\u00e9e d\u2019une preuve d\u2019identit\u00e9.<\/p>\n<p>Le site ne recueille pas d\u2019informations personnelles, et n\u2019est pas assujetti \u00e0 d\u00e9claration \u00e0 la CNIL.<\/p>\n<ul>\n<li>Politique de confidentialit\u00e9 : se r\u00e9f\u00e9rer \u00e0 la page Politique de Confidentialit\u00e9<\/li>\n<li>Politique de cookies : se r\u00e9f\u00e9rer \u00e0 la page Politique des Cookies<\/li>\n<\/ul>\n<p>\u00a0\u00bb content_last_edited=\u00a0\u00bbon|tablet\u00a0\u00bb _builder_version=\u00a0\u00bb4.21.0&Prime; _module_preset=\u00a0\u00bbdefault\u00a0\u00bb width=\u00a0\u00bb100%\u00a0\u00bb custom_margin=\u00a0\u00bb||||false|false\u00a0\u00bb custom_padding=\u00a0\u00bb|0px||0px|false|false\u00a0\u00bb hover_enabled=\u00a0\u00bb0&Prime; global_colors_info=\u00a0\u00bb{}\u00a0\u00bb sticky_enabled=\u00a0\u00bb0&Prime;]<\/p>\n<h2>Identit\u00e9<\/h2>\n<p>Nom du site : TBS skate co.<br \/>Adresse du site : https:\/\/www.tbsskateco.com<\/p>\n<p>TBS skate co. est une marque de la soci\u00e9t\u00e9 SAS Le prototypiste.<br \/>Adresse du si\u00e8ge social : 40 rue du Faubourg Poissonni\u00e8re 75010 Paris<br \/>Num\u00e9ro SIRET : 913963278 00019<br \/>Num\u00e9ro de TVA intracommunautaire : FR 61913963278<br \/>T\u00e9l\u00e9phone : +33 628 46 59 32 &#8211; Mail: tbsskateco(at)gmail.com<\/p>\n<h2><\/h2>\n<h2><\/h2>\n<h2><\/h2>\n<h2><\/h2>\n<h2>Conditions d\u2019utilisation<\/h2>\n<p>L\u2019utilisation du pr\u00e9sent site implique l\u2019acceptation pleine et enti\u00e8re des conditions g\u00e9n\u00e9rales d\u2019utilisation d\u00e9crites ci-apr\u00e8s. Ces conditions d\u2019utilisation sont susceptibles d\u2019\u00eatre modifi\u00e9es ou compl\u00e9t\u00e9es \u00e0 tout moment.<\/p>\n<h3>Informations<\/h3>\n<p>Les informations et documents du site sont pr\u00e9sent\u00e9s \u00e0 titre indicatif, sans caract\u00e8re exhaustif, et ne peuvent engager la responsabilit\u00e9 du propri\u00e9taire du site.<\/p>\n<p>Le propri\u00e9taire du site ne peut \u00eatre tenu responsable des dommages directs et indirects cons\u00e9cutifs \u00e0 l\u2019acc\u00e8s au site.<\/p>\n<h3>Interactivit\u00e9<\/h3>\n<p>Les utilisateurs du site peuvent y d\u00e9poser du contenu, apparaissant sur le site dans des espaces d\u00e9di\u00e9s (notamment via les commentaires). Le contenu d\u00e9pos\u00e9 reste sous la responsabilit\u00e9 de leurs auteurs, qui en assument pleinement l\u2019enti\u00e8re responsabilit\u00e9 juridique.<\/p>\n<p>Le propri\u00e9taire du site se r\u00e9serve n\u00e9anmoins le droit de retirer sans pr\u00e9avis et sans justification tout contenu d\u00e9pos\u00e9 par les utilisateurs qui ne satisferait pas \u00e0 la charte d\u00e9ontologique du site ou \u00e0 la l\u00e9gislation en vigueur.<\/p>\n<h3>Propri\u00e9t\u00e9 intellectuelle<\/h3>\n<p>Sauf mention contraire, tous les \u00e9l\u00e9ments accessibles sur le site (textes, images, graphismes, logo, ic\u00f4nes, sons, logiciels, etc.) restent la propri\u00e9t\u00e9 exclusive de leurs auteurs, en ce qui concerne les droits de propri\u00e9t\u00e9 intellectuelle ou les droits d\u2019usage. <sup id=\"fnref-7013-1\"><a href=\"https:\/\/www.webexpress.fr\/actualite\/focus\/modele-de-mentions-legales-complet-et-gratuit\/#fn-7013-1\" rel=\"footnote\">1<\/a><\/sup><\/p>\n<p>Toute reproduction, repr\u00e9sentation, modification, publication, adaptation de tout ou partie des \u00e9l\u00e9ments du site, quel que soit le moyen ou le proc\u00e9d\u00e9 utilis\u00e9, est interdite, sauf autorisation \u00e9crite pr\u00e9alable de l\u2019auteur.<sup id=\"fnref-7013-2\"><\/sup><sup id=\"fnref-7013-3\"><\/sup><\/p>\n<p>Toute exploitation non autoris\u00e9e du site ou de l\u2019un quelconque des \u00e9l\u00e9ments qu\u2019il contient est consid\u00e9r\u00e9e comme constitutive d\u2019une contrefa\u00e7on et passible de poursuites.<\/p>\n<p>Les marques et logos reproduits sur le site sont d\u00e9pos\u00e9s par les soci\u00e9t\u00e9s qui en sont propri\u00e9taires.<\/p>\n<h3>Liens<\/h3>\n<p><strong>Liens sortants<\/strong><br \/>Le propri\u00e9taire du site d\u00e9cline toute responsabilit\u00e9 et n\u2019est pas engag\u00e9 par le r\u00e9f\u00e9rencement via des liens hypertextes, de ressources tierces pr\u00e9sentes sur le r\u00e9seau Internet, tant en ce qui concerne leur contenu que leur pertinence.<\/p>\n<p><strong>Liens entrants<\/strong><br \/>Le propri\u00e9taire du site autorise les liens hypertextes vers l\u2019une des pages de ce site, \u00e0 condition que ceux-ci ouvrent une nouvelle fen\u00eatre et soient pr\u00e9sent\u00e9s de mani\u00e8re non-\u00e9quivoque afin d\u2019\u00e9viter :<\/p>\n<ul>\n<li>tout risque de confusion entre le site citant et le propri\u00e9taire du site<\/li>\n<li>ainsi que toute pr\u00e9sentation tendancieuse, ou contraire aux lois en vigueur.<\/li>\n<\/ul>\n<p>Le propri\u00e9taire du site se r\u00e9serve le droit de demander la suppression d\u2019un lien s\u2019il estime que le site source ne respecte pas les r\u00e8gles ainsi d\u00e9finies.<\/p>\n<h3>Confidentialit\u00e9<\/h3>\n<p>Tout utilisateur dispose d\u2019un droit d\u2019acc\u00e8s, de rectification et d\u2019opposition aux donn\u00e9es personnelles le concernant, en effectuant sa demande \u00e9crite et sign\u00e9e, accompagn\u00e9e d\u2019une preuve d\u2019identit\u00e9.<\/p>\n<p>Le site ne recueille pas d\u2019informations personnelles, et n\u2019est pas assujetti \u00e0 d\u00e9claration \u00e0 la CNIL.<\/p>\n<ul>\n<li>Politique de confidentialit\u00e9 : se r\u00e9f\u00e9rer \u00e0 la page Politique de Confidentialit\u00e9<\/li>\n<li>Politique de cookies : se r\u00e9f\u00e9rer \u00e0 la page Politique des Cookies<\/li>\n<\/ul>\n<p>[\/et_pb_text][\/et_pb_column][\/et_pb_row][\/et_pb_section]<\/p>","protected":false},"excerpt":{"rendered":"<p>Identit\u00e9 Nom du site : TBS skate co.Adresse du site : https:\/\/www.tbsskateco.com TBS skate co. est une marque de la soci\u00e9t\u00e9 SAS Le prototypiste.Adresse du si\u00e8ge social : 40 rue du Faubourg Poissonni\u00e8re 75010 ParisNum\u00e9ro SIRET : 913963278 00019Num\u00e9ro de TVA intracommunautaire : FR 61913963278T\u00e9l\u00e9phone : +33 628 46 59 32 &#8211; Mail: tbsskateco(at)gmail.com Conditions [&hellip;]<\/p>","protected":false},"author":1,"featured_media":0,"parent":0,"menu_order":0,"comment_status":"closed","ping_status":"closed","template":"","meta":{"_et_pb_use_builder":"on","_et_pb_old_content":"","_et_gb_content_width":"1400","footnotes":""},"class_list":["post-172","page","type-page","status-publish","hentry"],"yoast_head":"<!-- This site is optimized with the Yoast SEO plugin v27.3 - https:\/\/yoast.com\/product\/yoast-seo-wordpress\/ -->\n<title>Mentions l\u00e9gales - TBS skate co.<\/title>\n<meta name=\"robots\" content=\"noindex, nofollow\" \/>\n<meta property=\"og:locale\" content=\"en_US\" \/>\n<meta property=\"og:type\" content=\"article\" \/>\n<meta property=\"og:title\" content=\"Mentions l\u00e9gales - TBS skate co.\" \/>\n<meta property=\"og:description\" content=\"Identit\u00e9 Nom du site : TBS skate co.Adresse du site : https:\/\/www.tbsskateco.com TBS skate co. est une marque de la soci\u00e9t\u00e9 SAS Le prototypiste.Adresse du si\u00e8ge social : 40 rue du Faubourg Poissonni\u00e8re 75010 ParisNum\u00e9ro SIRET : 913963278 00019Num\u00e9ro de TVA intracommunautaire : FR 61913963278T\u00e9l\u00e9phone : +33 628 46 59 32 - Mail: tbsskateco(at)gmail.com Conditions [&hellip;]\" \/>\n<meta property=\"og:url\" content=\"https:\/\/tbsskateco.com\/en\/mentions-legales\/\" \/>\n<meta property=\"og:site_name\" content=\"TBS skate co.\" \/>\n<meta property=\"article:publisher\" content=\"https:\/\/www.facebook.com\/tbs.skate\" \/>\n<meta property=\"article:modified_time\" content=\"2024-06-27T19:06:40+00:00\" \/>\n<meta name=\"twitter:card\" content=\"summary_large_image\" \/>\n<script type=\"application\/ld+json\" class=\"yoast-schema-graph\">{\"@context\":\"https:\\\/\\\/schema.org\",\"@graph\":[{\"@type\":\"WebPage\",\"@id\":\"https:\\\/\\\/tbsskateco.com\\\/mentions-legales\\\/\",\"url\":\"https:\\\/\\\/tbsskateco.com\\\/mentions-legales\\\/\",\"name\":\"Mentions l\u00e9gales - TBS skate co.\",\"isPartOf\":{\"@id\":\"https:\\\/\\\/tbsskateco.com\\\/#website\"},\"datePublished\":\"2023-05-17T15:49:19+00:00\",\"dateModified\":\"2024-06-27T19:06:40+00:00\",\"breadcrumb\":{\"@id\":\"https:\\\/\\\/tbsskateco.com\\\/mentions-legales\\\/#breadcrumb\"},\"inLanguage\":\"en-US\",\"potentialAction\":[{\"@type\":\"ReadAction\",\"target\":[\"https:\\\/\\\/tbsskateco.com\\\/mentions-legales\\\/\"]}]},{\"@type\":\"BreadcrumbList\",\"@id\":\"https:\\\/\\\/tbsskateco.com\\\/mentions-legales\\\/#breadcrumb\",\"itemListElement\":[{\"@type\":\"ListItem\",\"position\":1,\"name\":\"Accueil\",\"item\":\"https:\\\/\\\/tbsskateco.com\\\/\"},{\"@type\":\"ListItem\",\"position\":2,\"name\":\"Mentions l\u00e9gales\"}]},{\"@type\":\"WebSite\",\"@id\":\"https:\\\/\\\/tbsskateco.com\\\/#website\",\"url\":\"https:\\\/\\\/tbsskateco.com\\\/\",\"name\":\"TBS skate co.\",\"description\":\"The detachable skateboard truck\",\"publisher\":{\"@id\":\"https:\\\/\\\/tbsskateco.com\\\/#organization\"},\"potentialAction\":[{\"@type\":\"SearchAction\",\"target\":{\"@type\":\"EntryPoint\",\"urlTemplate\":\"https:\\\/\\\/tbsskateco.com\\\/?s={search_term_string}\"},\"query-input\":{\"@type\":\"PropertyValueSpecification\",\"valueRequired\":true,\"valueName\":\"search_term_string\"}}],\"inLanguage\":\"en-US\"},{\"@type\":\"Organization\",\"@id\":\"https:\\\/\\\/tbsskateco.com\\\/#organization\",\"name\":\"TBS skate co.\",\"url\":\"https:\\\/\\\/tbsskateco.com\\\/\",\"logo\":{\"@type\":\"ImageObject\",\"inLanguage\":\"en-US\",\"@id\":\"https:\\\/\\\/tbsskateco.com\\\/#\\\/schema\\\/logo\\\/image\\\/\",\"url\":\"https:\\\/\\\/tbsskateco.com\\\/wp-content\\\/uploads\\\/2023\\\/05\\\/LOGO_TBS.svg\",\"contentUrl\":\"https:\\\/\\\/tbsskateco.com\\\/wp-content\\\/uploads\\\/2023\\\/05\\\/LOGO_TBS.svg\",\"width\":1,\"height\":1,\"caption\":\"TBS skate co.\"},\"image\":{\"@id\":\"https:\\\/\\\/tbsskateco.com\\\/#\\\/schema\\\/logo\\\/image\\\/\"},\"sameAs\":[\"https:\\\/\\\/www.facebook.com\\\/tbs.skate\",\"https:\\\/\\\/www.instagram.com\\\/tbs.skate.co\\\/\"]}]}<\/script>\n<!-- \/ Yoast SEO plugin. -->","yoast_head_json":{"title":"Mentions l\u00e9gales - TBS skate co.","robots":{"index":"noindex","follow":"nofollow"},"og_locale":"en_US","og_type":"article","og_title":"Mentions l\u00e9gales - TBS skate co.","og_description":"Identit\u00e9 Nom du site : TBS skate co.Adresse du site : https:\/\/www.tbsskateco.com TBS skate co. est une marque de la soci\u00e9t\u00e9 SAS Le prototypiste.Adresse du si\u00e8ge social : 40 rue du Faubourg Poissonni\u00e8re 75010 ParisNum\u00e9ro SIRET : 913963278 00019Num\u00e9ro de TVA intracommunautaire : FR 61913963278T\u00e9l\u00e9phone : +33 628 46 59 32 - Mail: tbsskateco(at)gmail.com Conditions [&hellip;]","og_url":"https:\/\/tbsskateco.com\/en\/mentions-legales\/","og_site_name":"TBS skate co.","article_publisher":"https:\/\/www.facebook.com\/tbs.skate","article_modified_time":"2024-06-27T19:06:40+00:00","twitter_card":"summary_large_image","schema":{"@context":"https:\/\/schema.org","@graph":[{"@type":"WebPage","@id":"https:\/\/tbsskateco.com\/mentions-legales\/","url":"https:\/\/tbsskateco.com\/mentions-legales\/","name":"Mentions l\u00e9gales - TBS skate co.","isPartOf":{"@id":"https:\/\/tbsskateco.com\/#website"},"datePublished":"2023-05-17T15:49:19+00:00","dateModified":"2024-06-27T19:06:40+00:00","breadcrumb":{"@id":"https:\/\/tbsskateco.com\/mentions-legales\/#breadcrumb"},"inLanguage":"en-US","potentialAction":[{"@type":"ReadAction","target":["https:\/\/tbsskateco.com\/mentions-legales\/"]}]},{"@type":"BreadcrumbList","@id":"https:\/\/tbsskateco.com\/mentions-legales\/#breadcrumb","itemListElement":[{"@type":"ListItem","position":1,"name":"Accueil","item":"https:\/\/tbsskateco.com\/"},{"@type":"ListItem","position":2,"name":"Mentions l\u00e9gales"}]},{"@type":"WebSite","@id":"https:\/\/tbsskateco.com\/#website","url":"https:\/\/tbsskateco.com\/","name":"TBS skate co.","description":"The detachable skateboard truck","publisher":{"@id":"https:\/\/tbsskateco.com\/#organization"},"potentialAction":[{"@type":"SearchAction","target":{"@type":"EntryPoint","urlTemplate":"https:\/\/tbsskateco.com\/?s={search_term_string}"},"query-input":{"@type":"PropertyValueSpecification","valueRequired":true,"valueName":"search_term_string"}}],"inLanguage":"en-US"},{"@type":"Organization","@id":"https:\/\/tbsskateco.com\/#organization","name":"TBS skate co.","url":"https:\/\/tbsskateco.com\/","logo":{"@type":"ImageObject","inLanguage":"en-US","@id":"https:\/\/tbsskateco.com\/#\/schema\/logo\/image\/","url":"https:\/\/tbsskateco.com\/wp-content\/uploads\/2023\/05\/LOGO_TBS.svg","contentUrl":"https:\/\/tbsskateco.com\/wp-content\/uploads\/2023\/05\/LOGO_TBS.svg","width":1,"height":1,"caption":"TBS skate co."},"image":{"@id":"https:\/\/tbsskateco.com\/#\/schema\/logo\/image\/"},"sameAs":["https:\/\/www.facebook.com\/tbs.skate","https:\/\/www.instagram.com\/tbs.skate.co\/"]}]}},"jetpack_sharing_enabled":true,"_links":{"self":[{"href":"https:\/\/tbsskateco.com\/en\/wp-json\/wp\/v2\/pages\/172","targetHints":{"allow":["GET"]}}],"collection":[{"href":"https:\/\/tbsskateco.com\/en\/wp-json\/wp\/v2\/pages"}],"about":[{"href":"https:\/\/tbsskateco.com\/en\/wp-json\/wp\/v2\/types\/page"}],"author":[{"embeddable":true,"href":"https:\/\/tbsskateco.com\/en\/wp-json\/wp\/v2\/users\/1"}],"replies":[{"embeddable":true,"href":"https:\/\/tbsskateco.com\/en\/wp-json\/wp\/v2\/comments?post=172"}],"version-history":[{"count":7,"href":"https:\/\/tbsskateco.com\/en\/wp-json\/wp\/v2\/pages\/172\/revisions"}],"predecessor-version":[{"id":2401,"href":"https:\/\/tbsskateco.com\/en\/wp-json\/wp\/v2\/pages\/172\/revisions\/2401"}],"wp:attachment":[{"href":"https:\/\/tbsskateco.com\/en\/wp-json\/wp\/v2\/media?parent=172"}],"curies":[{"name":"wp","href":"https:\/\/api.w.org\/{rel}","templated":true}]}}