{"id":1233,"date":"2024-01-15T13:56:50","date_gmt":"2024-01-15T12:56:50","guid":{"rendered":"https:\/\/tbsskateco.com\/boutique\/"},"modified":"2025-12-05T12:11:57","modified_gmt":"2025-12-05T11:11:57","slug":"shop","status":"publish","type":"page","link":"https:\/\/tbsskateco.com\/en\/shop\/","title":{"rendered":"Shop"},"content":{"rendered":"<p>[et_pb_section fb_built=\u00a0\u00bb1&Prime; _builder_version=\u00a0\u00bb4.21.0&Prime; _module_preset=\u00a0\u00bbdefault\u00a0\u00bb background_color=\u00a0\u00bbRGBA(255,255,255,0)\u00a0\u00bb background_enable_image=\u00a0\u00bboff\u00a0\u00bb background_position=\u00a0\u00bbbottom_center\u00a0\u00bb positioning=\u00a0\u00bbabsolute\u00a0\u00bb position_origin_a=\u00a0\u00bbtop_center\u00a0\u00bb custom_margin=\u00a0\u00bb||189px|||\u00a0\u00bb custom_padding=\u00a0\u00bb0px|0px|0px|0px|false|false\u00a0\u00bb global_colors_info=\u00a0\u00bb{}\u00a0\u00bb][\/et_pb_section][et_pb_section fb_built=\u00a0\u00bb1&Prime; _builder_version=\u00a0\u00bb4.21.0&Prime; _module_preset=\u00a0\u00bbdefault\u00a0\u00bb background_image=\u00a0\u00bbhttps:\/\/tbsskateco.com\/wp-content\/uploads\/2023\/05\/skateboard-skateboarder-skateboarding-2909-scaled.jpg\u00a0\u00bb global_colors_info=\u00a0\u00bb{}\u00a0\u00bb][et_pb_row _builder_version=\u00a0\u00bb4.21.0&Prime; _module_preset=\u00a0\u00bbdefault\u00a0\u00bb global_colors_info=\u00a0\u00bb{}\u00a0\u00bb][et_pb_column type=\u00a0\u00bb4_4&Prime; _builder_version=\u00a0\u00bb4.21.0&Prime; _module_preset=\u00a0\u00bbdefault\u00a0\u00bb global_colors_info=\u00a0\u00bb{}\u00a0\u00bb][et_pb_menu menu_id=\u00a0\u00bb3&Prime; dropdown_menu_bg_color=\u00a0\u00bb#FFFFFF\u00a0\u00bb dropdown_menu_text_color=\u00a0\u00bb#000000&Prime; dropdown_menu_active_link_color=\u00a0\u00bb#000000&Prime; mobile_menu_bg_color=\u00a0\u00bb#FFFFFF\u00a0\u00bb mobile_menu_text_color=\u00a0\u00bb#000000&Prime; logo=\u00a0\u00bbhttps:\/\/tbsskateco.com\/wp-content\/uploads\/2023\/08\/LOGO_TBS_blancjaune1.png\u00a0\u00bb logo_url=\u00a0\u00bbhttps:\/\/tbsskateco.com\/\u00a0\u00bb logo_width=\u00a0\u00bb11%\u00a0\u00bb logo_tablet=\u00a0\u00bbhttps:\/\/tbsskateco.com\/wp-content\/uploads\/2023\/08\/LOGO_TBS_blancjaune1.png\u00a0\u00bb logo_phone=\u00a0\u00bbhttps:\/\/tbsskateco.com\/wp-content\/uploads\/2023\/08\/LOGO_TBS_blancjaune1.png\u00a0\u00bb logo_last_edited=\u00a0\u00bbon|phone\u00a0\u00bb logo_width_tablet=\u00a0\u00bb25%\u00a0\u00bb logo_width_phone=\u00a0\u00bb40%\u00a0\u00bb logo_width_last_edited=\u00a0\u00bbon|phone\u00a0\u00bb _builder_version=\u00a0\u00bb4.21.0&Prime; _module_preset=\u00a0\u00bbdefault\u00a0\u00bb menu_font=\u00a0\u00bb|700|||||||\u00a0\u00bb menu_text_color=\u00a0\u00bb#FFFFFF\u00a0\u00bb background_color=\u00a0\u00bbRGBA(255,255,255,0)\u00a0\u00bb text_orientation=\u00a0\u00bbcenter\u00a0\u00bb custom_margin=\u00a0\u00bb|||20px|false|false\u00a0\u00bb background_color_phone=\u00a0\u00bbRGBA(255,255,255,0)\u00a0\u00bb background_last_edited=\u00a0\u00bbon|phone\u00a0\u00bb background_enable_color_phone=\u00a0\u00bbon\u00a0\u00bb global_colors_info=\u00a0\u00bb{}\u00a0\u00bb][\/et_pb_menu][\/et_pb_column][\/et_pb_row][\/et_pb_section][et_pb_section fb_built=\u00a0\u00bb1&Prime; _builder_version=\u00a0\u00bb4.21.0&Prime; _module_preset=\u00a0\u00bbdefault\u00a0\u00bb global_colors_info=\u00a0\u00bb{}\u00a0\u00bb][et_pb_row _builder_version=\u00a0\u00bb4.21.0&Prime; _module_preset=\u00a0\u00bbdefault\u00a0\u00bb global_colors_info=\u00a0\u00bb{}\u00a0\u00bb][et_pb_column type=\u00a0\u00bb4_4&Prime; _builder_version=\u00a0\u00bb4.21.0&Prime; _module_preset=\u00a0\u00bbdefault\u00a0\u00bb global_colors_info=\u00a0\u00bb{}\u00a0\u00bb][et_pb_text disabled_on=\u00a0\u00bbon|on|on\u00a0\u00bb _builder_version=\u00a0\u00bb4.21.0&Prime; _module_preset=\u00a0\u00bbdefault\u00a0\u00bb disabled=\u00a0\u00bbon\u00a0\u00bb global_colors_info=\u00a0\u00bb{}\u00a0\u00bb]<\/p>\n<p style=\"text-align: center;\"><strong><a href=\"\/categorie-produit\/tbs\/\">Truck Binding Systems<\/a> \u00a0 &#8211; \u00a0 <a href=\"\/decks\">Decks<\/a> \u00a0 &#8211; \u00a0 <a href=\"\/product-category\/setups\">Setups<\/a> \u00a0 &#8211; \u00a0 <a href=\"https:\/\/tbsskateco.com\/categorie-produit\/spare-parts\">Spare Parts<\/a> \u00a0 &#8211;\u00a0 \u00a0<a href=\"https:\/\/tbsskateco.com\/categorie-produit\/accessories\">Accessories<\/a><\/strong><strong> \u00a0 &#8211;\u00a0\u00a0 <a href=\"https:\/\/tbsskateco.com\/categorie-produit\/good-deals\">Good deals<\/a><\/strong><\/p>\n<p>[\/et_pb_text][et_pb_shop type=\u00a0\u00bbproduct_category\u00a0\u00bb posts_number=\u00a0\u00bb50&Prime; include_categories=\u00a0\u00bball\u00a0\u00bb orderby=\u00a0\u00bbrating\u00a0\u00bb _builder_version=\u00a0\u00bb4.21.0&Prime; _module_preset=\u00a0\u00bbdefault\u00a0\u00bb title_font_size_tablet=\u00a0\u00bb12px\u00a0\u00bb title_font_size_phone=\u00a0\u00bb12px\u00a0\u00bb title_font_size_last_edited=\u00a0\u00bbon|desktop\u00a0\u00bb global_colors_info=\u00a0\u00bb{}\u00a0\u00bb][\/et_pb_shop][\/et_pb_column][\/et_pb_row][\/et_pb_section]<\/p>","protected":false},"excerpt":{"rendered":"<p>Syst\u00e8me TBS \u00a0 &#8211; \u00a0 Decks \u00a0 &#8211; \u00a0 Setups \u00a0 &#8211; \u00a0 Pi\u00e8ces d\u00e9tach\u00e9es \u00a0 &#8211;\u00a0 \u00a0Accessoires \u00a0 &#8211;\u00a0\u00a0 Bonnes affaires<\/p>","protected":false},"author":1,"featured_media":0,"parent":0,"menu_order":0,"comment_status":"closed","ping_status":"closed","template":"","meta":{"_et_pb_use_builder":"on","_et_pb_old_content":"","_et_gb_content_width":"","footnotes":""},"class_list":["post-1233","page","type-page","status-publish","hentry"],"yoast_head":"<!-- This site is optimized with the Yoast SEO plugin v27.4 - https:\/\/yoast.com\/product\/yoast-seo-wordpress\/ -->\n<title>Shop - TBS skate co.<\/title>\n<meta name=\"robots\" content=\"index, follow, max-snippet:-1, max-image-preview:large, max-video-preview:-1\" \/>\n<link rel=\"canonical\" href=\"https:\/\/tbsskateco.com\/en\/shop\/\" \/>\n<meta property=\"og:locale\" content=\"en_US\" \/>\n<meta property=\"og:type\" content=\"article\" \/>\n<meta property=\"og:title\" content=\"Shop - TBS skate co.\" \/>\n<meta property=\"og:description\" content=\"Syst\u00e8me TBS \u00a0 - \u00a0 Decks \u00a0 - \u00a0 Setups \u00a0 - \u00a0 Pi\u00e8ces d\u00e9tach\u00e9es \u00a0 -\u00a0 \u00a0Accessoires \u00a0 -\u00a0\u00a0 Bonnes affaires\" \/>\n<meta property=\"og:url\" content=\"https:\/\/tbsskateco.com\/en\/shop\/\" \/>\n<meta property=\"og:site_name\" content=\"TBS skate co.\" \/>\n<meta property=\"article:publisher\" content=\"https:\/\/www.facebook.com\/tbs.skate\" \/>\n<meta property=\"article:modified_time\" content=\"2025-12-05T11:11:57+00:00\" \/>\n<meta name=\"twitter:card\" content=\"summary_large_image\" \/>\n<meta name=\"twitter:label1\" content=\"Est. reading time\" \/>\n\t<meta name=\"twitter:data1\" content=\"7 minutes\" \/>\n<script type=\"application\/ld+json\" class=\"yoast-schema-graph\">{\"@context\":\"https:\\\/\\\/schema.org\",\"@graph\":[{\"@type\":\"WebPage\",\"@id\":\"https:\\\/\\\/tbsskateco.com\\\/shop\\\/\",\"url\":\"https:\\\/\\\/tbsskateco.com\\\/shop\\\/\",\"name\":\"Shop - TBS skate co.\",\"isPartOf\":{\"@id\":\"https:\\\/\\\/tbsskateco.com\\\/#website\"},\"datePublished\":\"2024-01-15T12:56:50+00:00\",\"dateModified\":\"2025-12-05T11:11:57+00:00\",\"breadcrumb\":{\"@id\":\"https:\\\/\\\/tbsskateco.com\\\/shop\\\/#breadcrumb\"},\"inLanguage\":\"en-US\",\"potentialAction\":[{\"@type\":\"ReadAction\",\"target\":[\"https:\\\/\\\/tbsskateco.com\\\/shop\\\/\"]}]},{\"@type\":\"BreadcrumbList\",\"@id\":\"https:\\\/\\\/tbsskateco.com\\\/shop\\\/#breadcrumb\",\"itemListElement\":[{\"@type\":\"ListItem\",\"position\":1,\"name\":\"Accueil\",\"item\":\"https:\\\/\\\/tbsskateco.com\\\/\"},{\"@type\":\"ListItem\",\"position\":2,\"name\":\"Shop\"}]},{\"@type\":\"WebSite\",\"@id\":\"https:\\\/\\\/tbsskateco.com\\\/#website\",\"url\":\"https:\\\/\\\/tbsskateco.com\\\/\",\"name\":\"TBS skate co.\",\"description\":\"The detachable skateboard truck\",\"publisher\":{\"@id\":\"https:\\\/\\\/tbsskateco.com\\\/#organization\"},\"potentialAction\":[{\"@type\":\"SearchAction\",\"target\":{\"@type\":\"EntryPoint\",\"urlTemplate\":\"https:\\\/\\\/tbsskateco.com\\\/?s={search_term_string}\"},\"query-input\":{\"@type\":\"PropertyValueSpecification\",\"valueRequired\":true,\"valueName\":\"search_term_string\"}}],\"inLanguage\":\"en-US\"},{\"@type\":\"Organization\",\"@id\":\"https:\\\/\\\/tbsskateco.com\\\/#organization\",\"name\":\"TBS skate co.\",\"url\":\"https:\\\/\\\/tbsskateco.com\\\/\",\"logo\":{\"@type\":\"ImageObject\",\"inLanguage\":\"en-US\",\"@id\":\"https:\\\/\\\/tbsskateco.com\\\/#\\\/schema\\\/logo\\\/image\\\/\",\"url\":\"https:\\\/\\\/tbsskateco.com\\\/wp-content\\\/uploads\\\/2023\\\/05\\\/LOGO_TBS.svg\",\"contentUrl\":\"https:\\\/\\\/tbsskateco.com\\\/wp-content\\\/uploads\\\/2023\\\/05\\\/LOGO_TBS.svg\",\"width\":1,\"height\":1,\"caption\":\"TBS skate co.\"},\"image\":{\"@id\":\"https:\\\/\\\/tbsskateco.com\\\/#\\\/schema\\\/logo\\\/image\\\/\"},\"sameAs\":[\"https:\\\/\\\/www.facebook.com\\\/tbs.skate\",\"https:\\\/\\\/www.instagram.com\\\/tbs.skate.co\\\/\"]}]}<\/script>\n<!-- \/ Yoast SEO plugin. -->","yoast_head_json":{"title":"Shop - TBS skate co.","robots":{"index":"index","follow":"follow","max-snippet":"max-snippet:-1","max-image-preview":"max-image-preview:large","max-video-preview":"max-video-preview:-1"},"canonical":"https:\/\/tbsskateco.com\/en\/shop\/","og_locale":"en_US","og_type":"article","og_title":"Shop - TBS skate co.","og_description":"Syst\u00e8me TBS \u00a0 - \u00a0 Decks \u00a0 - \u00a0 Setups \u00a0 - \u00a0 Pi\u00e8ces d\u00e9tach\u00e9es \u00a0 -\u00a0 \u00a0Accessoires \u00a0 -\u00a0\u00a0 Bonnes affaires","og_url":"https:\/\/tbsskateco.com\/en\/shop\/","og_site_name":"TBS skate co.","article_publisher":"https:\/\/www.facebook.com\/tbs.skate","article_modified_time":"2025-12-05T11:11:57+00:00","twitter_card":"summary_large_image","twitter_misc":{"Est. reading time":"7 minutes"},"schema":{"@context":"https:\/\/schema.org","@graph":[{"@type":"WebPage","@id":"https:\/\/tbsskateco.com\/shop\/","url":"https:\/\/tbsskateco.com\/shop\/","name":"Shop - TBS skate co.","isPartOf":{"@id":"https:\/\/tbsskateco.com\/#website"},"datePublished":"2024-01-15T12:56:50+00:00","dateModified":"2025-12-05T11:11:57+00:00","breadcrumb":{"@id":"https:\/\/tbsskateco.com\/shop\/#breadcrumb"},"inLanguage":"en-US","potentialAction":[{"@type":"ReadAction","target":["https:\/\/tbsskateco.com\/shop\/"]}]},{"@type":"BreadcrumbList","@id":"https:\/\/tbsskateco.com\/shop\/#breadcrumb","itemListElement":[{"@type":"ListItem","position":1,"name":"Accueil","item":"https:\/\/tbsskateco.com\/"},{"@type":"ListItem","position":2,"name":"Shop"}]},{"@type":"WebSite","@id":"https:\/\/tbsskateco.com\/#website","url":"https:\/\/tbsskateco.com\/","name":"TBS skate co.","description":"The detachable skateboard truck","publisher":{"@id":"https:\/\/tbsskateco.com\/#organization"},"potentialAction":[{"@type":"SearchAction","target":{"@type":"EntryPoint","urlTemplate":"https:\/\/tbsskateco.com\/?s={search_term_string}"},"query-input":{"@type":"PropertyValueSpecification","valueRequired":true,"valueName":"search_term_string"}}],"inLanguage":"en-US"},{"@type":"Organization","@id":"https:\/\/tbsskateco.com\/#organization","name":"TBS skate co.","url":"https:\/\/tbsskateco.com\/","logo":{"@type":"ImageObject","inLanguage":"en-US","@id":"https:\/\/tbsskateco.com\/#\/schema\/logo\/image\/","url":"https:\/\/tbsskateco.com\/wp-content\/uploads\/2023\/05\/LOGO_TBS.svg","contentUrl":"https:\/\/tbsskateco.com\/wp-content\/uploads\/2023\/05\/LOGO_TBS.svg","width":1,"height":1,"caption":"TBS skate co."},"image":{"@id":"https:\/\/tbsskateco.com\/#\/schema\/logo\/image\/"},"sameAs":["https:\/\/www.facebook.com\/tbs.skate","https:\/\/www.instagram.com\/tbs.skate.co\/"]}]}},"jetpack_sharing_enabled":true,"_links":{"self":[{"href":"https:\/\/tbsskateco.com\/en\/wp-json\/wp\/v2\/pages\/1233","targetHints":{"allow":["GET"]}}],"collection":[{"href":"https:\/\/tbsskateco.com\/en\/wp-json\/wp\/v2\/pages"}],"about":[{"href":"https:\/\/tbsskateco.com\/en\/wp-json\/wp\/v2\/types\/page"}],"author":[{"embeddable":true,"href":"https:\/\/tbsskateco.com\/en\/wp-json\/wp\/v2\/users\/1"}],"replies":[{"embeddable":true,"href":"https:\/\/tbsskateco.com\/en\/wp-json\/wp\/v2\/comments?post=1233"}],"version-history":[{"count":54,"href":"https:\/\/tbsskateco.com\/en\/wp-json\/wp\/v2\/pages\/1233\/revisions"}],"predecessor-version":[{"id":2750,"href":"https:\/\/tbsskateco.com\/en\/wp-json\/wp\/v2\/pages\/1233\/revisions\/2750"}],"wp:attachment":[{"href":"https:\/\/tbsskateco.com\/en\/wp-json\/wp\/v2\/media?parent=1233"}],"curies":[{"name":"wp","href":"https:\/\/api.w.org\/{rel}","templated":true}]}}